{"id":7165,"date":"2025-04-09T17:15:40","date_gmt":"2025-04-09T17:15:40","guid":{"rendered":"https:\/\/beonemedicines.ca\/?page_id=7165"},"modified":"2025-10-15T19:58:08","modified_gmt":"2025-10-15T19:58:08","slug":"tumeurs-solides","status":"publish","type":"page","link":"https:\/\/beonemedicines.ca\/fr\/science\/recherche-et-developpement\/tumeurs-solides\/","title":{"rendered":"Tumeurs solides"},"content":{"rendered":"<!-- Hero \/ Interior no image -->\r\n<section class=\"hero-interior-noimg-sec bg-primary-cerulean overflow-x-clip \">\r\n    <div class=\"card-offset-watermark watermark-rightbotttom\">\r\n        <img decoding=\"async\" src=\"https:\/\/beonemedicines.ca\/fr\/wp-content\/themes\/beigene20\/assets\/img\/cutoutStar-icon.svg\" alt=\"Watermark\">\r\n    <\/div>\r\n    <div class=\"container\">\r\n        <div class=\"sec-header\">\r\n            <div class=\"sec-head\">\r\n                \r\n                <h1 class=\"anim fadeInUp\">Domaines th\u00e9rapeutiques : <br>Tumeurs solides<\/h1>\r\n            <\/div>\r\n            <div class=\"sec-body\">\r\n                                            <\/div>\r\n                    <\/div>\r\n    <\/div>\r\n<\/section>\r\n<!-- Hero \/ Interior no image -->\r\n\r\n\n\n<!-- Featured content -->\r\n \r\n<section class=\"featured-content-section four_column \">\r\n    <div class=\"container\">\r\n        <div class=\"row\">\r\n            <div class=\"col-12\">\r\n                <div class=\"sec-header\">\r\n                    <div class=\"sec-head\">\r\n                                                \r\n                        <h2 class=\"anim fadeInUp\">Cibler les cancers \u00e0 tumeur solide<\/h2>\r\n                    <\/div>\r\n                                            <div class=\"sec-body anim fadeInUp\"><p class=\"p1\">Chez BeOne Medicines, notre objectif est de mettre au point des m\u00e9dicaments novateurs pour r\u00e9pondre aux besoins non combl\u00e9s de populations larges et diversifi\u00e9es partout dans le monde. Les tumeurs solides constituent l\u2019un de nos principaux axes de recherche.<\/p>\n<p class=\"p1\">Chaque ann\u00e9e, plus de 20 millions de nouveaux cas de cancer sont diagnostiqu\u00e9s dans le monde<span class=\"s1\"><sup>1<\/sup><\/span>, et les tumeurs solides comptent pour plus de 90 % de ces cas<span class=\"s1\"><sup>2<\/sup><\/span>. Une tumeur solide se forme lorsque des cellules normales mutent et commencent \u00e0 prolif\u00e9rer de mani\u00e8re incontr\u00f4l\u00e9e, en ignorant les signaux du corps qui leur indiquent de cesser de se diviser ou de mourir<span class=\"s1\"><sup>2<\/sup><\/span>. Au fur et \u00e0 mesure que la tumeur grossit, elle est capable de subvenir \u00e0 ses besoins en nutriments et de se propager \u00e0 d\u2019autres parties du corps, tout en d\u00e9veloppant des m\u00e9canismes pour \u00e9chapper au syst\u00e8me immunitaire, ce qui rend son \u00e9limination plus difficile<span class=\"s1\"><sup>2<\/sup><\/span>.<\/p>\n<p class=\"p2\">BeOne s\u2019efforce de concevoir des traitements novateurs qui seraient les meilleurs de leur classe pour combattre certains des cancers \u00e0 tumeur solide les plus redoutables en adoptant une approche ax\u00e9e sur la maladie.<\/p>\n<p class=\"p2\">Nos domaines th\u00e9rapeutiques prioritaires sont les suivants :<\/p>\n<\/div>\r\n                                        \r\n                <\/div>\r\n            <\/div>\r\n        <\/div>\r\n        <div class=\"row row-gap-40 row-tm-60\">\r\n                                                <div class=\"col-md-4\">\r\n                        <div class=\"card-set-box\">\r\n                            <div class=\"card-header\">\r\n                                                                    <div class=\"card-icon anim fadeInUp\">\r\n                                        <img decoding=\"async\" src=\"https:\/\/beonemedicines.ca\/fr\/wp-content\/uploads\/sites\/4\/2025\/10\/SolidTumors_TargetingSolidTumor_GastrointestinalCancers_Icon_Desktop.svg\" alt=\"\">\r\n                                    <\/div>\t\r\n                                 \r\n                                <div class=\"card-b-title anim fadeInUp\">\r\n                                    <h4>Cancers gastro-intestinaux<\/h4>\r\n                                <\/div>\t\t\t\t\t\t\t\t\r\n                            <\/div>\r\n                                  \r\n                                                 \r\n                        <\/div>\r\n                    <\/div>\r\n                                                                <div class=\"col-md-4\">\r\n                        <div class=\"card-set-box\">\r\n                            <div class=\"card-header\">\r\n                                                                    <div class=\"card-icon anim fadeInUp\">\r\n                                        <img decoding=\"async\" src=\"https:\/\/beonemedicines.ca\/fr\/wp-content\/uploads\/sites\/4\/2025\/10\/SolidTumors_TargetingSolidTumor_LungCancers_Icon_Desktop.svg\" alt=\"\">\r\n                                    <\/div>\t\r\n                                 \r\n                                <div class=\"card-b-title anim fadeInUp\">\r\n                                    <h4>Cancers pulmonaires<\/h4>\r\n                                <\/div>\t\t\t\t\t\t\t\t\r\n                            <\/div>\r\n                                  \r\n                                                 \r\n                        <\/div>\r\n                    <\/div>\r\n                                                                <div class=\"col-md-4\">\r\n                        <div class=\"card-set-box\">\r\n                            <div class=\"card-header\">\r\n                                                                    <div class=\"card-icon anim fadeInUp\">\r\n                                        <img decoding=\"async\" src=\"https:\/\/beonemedicines.ca\/fr\/wp-content\/uploads\/sites\/4\/2025\/10\/SolidTumors_TargetingSolidTumor_BreastAndGynecologicCancers_Icon_Desktop.svg\" alt=\"\">\r\n                                    <\/div>\t\r\n                                 \r\n                                <div class=\"card-b-title anim fadeInUp\">\r\n                                    <h4>Cancers du sein et gyn\u00e9cologiques<\/h4>\r\n                                <\/div>\t\t\t\t\t\t\t\t\r\n                            <\/div>\r\n                                  \r\n                                                 \r\n                        <\/div>\r\n                    <\/div>\r\n                                                                <div class=\"col-md-4\">\r\n                        <div class=\"card-set-box\">\r\n                            <div class=\"card-header\">\r\n                                                                    <div class=\"card-icon anim fadeInUp\">\r\n                                        <img decoding=\"async\" src=\"https:\/\/beonemedicines.ca\/fr\/wp-content\/uploads\/sites\/4\/2025\/10\/SolidTumors_TargetingSolidTumor_OtherCancers_Icon_Desktop.svg\" alt=\"\">\r\n                                    <\/div>\t\r\n                                 \r\n                                <div class=\"card-b-title anim fadeInUp\">\r\n                                    <h4>Autres cancers<\/h4>\r\n                                <\/div>\t\t\t\t\t\t\t\t\r\n                            <\/div>\r\n                                  \r\n                                                 \r\n                        <\/div>\r\n                    <\/div>\r\n                                    <\/div>\r\n    <\/div>\r\n<\/section>\r\n<!-- Featured content -->\n\n<style> .nav-tertiary-sec.custom-spacing { padding-top: 0px ; } <\/style><style> .nav-tertiary-sec.custom-spacing { margin-top: -60px ; } <\/style><style> .nav-tertiary-sec.custom-spacing { position:relative; z-index:3; } <\/style><!-- Copy block -->\r\n<section class=\"nav-tertiary-sec copy-block  custom-spacing  bg-white\" >\r\n    <div class=\"container\">\r\n        <div class=\"row\">\r\n            \r\n            <div class=\"col-md-8 col-lg-9\">\r\n                \r\n                <div class=\"main-container tab-container\">                    \r\n                                                <section class=\"section anim fadeInUp \">\r\n                            <!-- <section class=\"section anim fadeInUp \" > -->\r\n                                <div class=\"sec-header\">\r\n                                    <div class=\"sec-head\">\r\n                                                                                                                    <\/div>\r\n                                    <div class=\"sec-body\">\r\n                                                                                                                    <\/div>\r\n                                    \r\n                                                                             <!-- <style>\r\n                                            .after-buttons {\r\n                                                display: flex; gap: 30px;\r\n                                             }\r\n\r\n                                            .after-buttons a {\r\n                                                flex: ;\r\n                                            }\r\n                                         <\/style> -->\r\n                                                                             <style>\r\n                                            .after-buttons {\r\n                                                display: flex; gap: 30px; flex-wrap: wrap;\r\n                                            }\r\n\r\n                                            .after-buttons a {\r\n                                                flex: 0 1 auto;\r\n                                            }\r\n\r\n                                            .after-buttons.multiple > div {\r\n                                                flex: 0 1 calc(50% - 30px);\r\n                                            }\r\n                                        <\/style>\r\n                                     \r\n                                    \r\n                                    <div class=\"after-buttons \">\r\n                                        \r\n                                                            <div class=\"btn-wrap\">\r\n                                                                <a href=\"\/fr\/science\/recherche-et-developpement\/\" target=\"_self\" class=\"btn-primary btn-crosslinks \">\r\n                                                                    <span>En savoir plus sur notre d\u00e9marche en recherche et d\u00e9veloppement<\/span>\r\n                                                                <\/a>\r\n                                                            <\/div>\r\n                                                        \r\n                                                                                        <\/div>\r\n                                <\/div>\t\r\n                            <\/section>\r\n                                    <\/div>\r\n                \r\n            <\/div>\r\n            <div class=\"col-md-4 col-lg-3\">\r\n                \r\n            <\/div> \r\n        <\/div>\r\n    <\/div>\r\n<\/section>\r\n<!-- Copy block -->\r\n\n\n<!-- Copy block -->\r\n<section class=\"nav-tertiary-sec copy-block  bg-tertiary-light\" >\r\n    <div class=\"container\">\r\n        <div class=\"row\">\r\n            \r\n            <div class=\"col-md-8 col-lg-9\">\r\n                \r\n                <div class=\"main-container tab-container\">                    \r\n                                                <section class=\"section anim fadeInUp \">\r\n                            <!-- <section class=\"section anim fadeInUp \" > -->\r\n                                <div class=\"sec-header\">\r\n                                    <div class=\"sec-head\">\r\n                                                                                    <h6 class=\"eyebrow  blue \">References<\/h6>\r\n                                                                                                                    <\/div>\r\n                                    <div class=\"sec-body\">\r\n                                                                                    \r\n                                            <div><ol class=\"ol1\">\n<li><span class=\"footnote\">Cancer Statistics. National Cancer Institute. May 9, 2024. Accessed April 16, 2025. https:\/\/www.cancer.gov\/about-cancer\/understanding\/statistics.<\/span><\/li>\n<li><span class=\"footnote\">Cooper G, Hausman RE. <i>The Cell: A Molecular Approach.<\/i> 2nd ed. Sinauer Associates; 2000. Accessed April 16, 2025. https:\/\/www.ncbi.nlm.nih.gov\/books\/NBK9963\/.<\/span><\/li>\n<\/ol>\n<\/div>\r\n                                                                            <\/div>\r\n                                    \r\n                                                                             <!-- <style>\r\n                                            .after-buttons {\r\n                                                display: flex; gap: 30px;\r\n                                             }\r\n\r\n                                            .after-buttons a {\r\n                                                flex: ;\r\n                                            }\r\n                                         <\/style> -->\r\n                                                                             <style>\r\n                                            .after-buttons {\r\n                                                display: flex; gap: 30px; flex-wrap: wrap;\r\n                                            }\r\n\r\n                                            .after-buttons a {\r\n                                                flex: 0 1 auto;\r\n                                            }\r\n\r\n                                            .after-buttons.multiple > div {\r\n                                                flex: 0 1 calc(50% - 30px);\r\n                                            }\r\n                                        <\/style>\r\n                                     \r\n                                    \r\n                                    <div class=\"after-buttons \">\r\n                                                                            <\/div>\r\n                                <\/div>\t\r\n                            <\/section>\r\n                                    <\/div>\r\n                \r\n            <\/div>\r\n            <div class=\"col-md-4 col-lg-3\">\r\n                \r\n            <\/div> \r\n        <\/div>\r\n    <\/div>\r\n<\/section>\r\n<!-- Copy block -->\r\n","protected":false},"excerpt":{"rendered":"","protected":false},"author":1,"featured_media":0,"parent":24105,"menu_order":0,"comment_status":"closed","ping_status":"closed","template":"","meta":{"_acf_changed":true,"footnotes":""},"class_list":["post-7165","page","type-page","status-publish","hentry"],"acf":[],"yoast_head":"<!-- This site is optimized with the Yoast SEO plugin v27.5 - https:\/\/yoast.com\/product\/yoast-seo-wordpress\/ -->\n<title>Disease Focus Area: Solid Tumors | BeOne Medicines<\/title>\n<meta name=\"description\" content=\"Explore BeOne&#039;s research on solid tumors, focusing on how these cancers grow, form blood supply, spread and evade the immune system.\" \/>\n<meta name=\"robots\" content=\"index, follow, max-snippet:-1, max-image-preview:large, max-video-preview:-1\" \/>\n<link rel=\"canonical\" href=\"https:\/\/beonemedicines.ca\/fr\/science\/research-and-development\/solid-tumors\/\" \/>\n<meta property=\"og:locale\" content=\"en_US\" \/>\n<meta property=\"og:type\" content=\"article\" \/>\n<meta property=\"og:title\" content=\"Disease Focus Area: Solid Tumors | BeOne Medicines\" \/>\n<meta property=\"og:description\" content=\"Explore BeOne&#039;s research on solid tumors, focusing on how these cancers grow, form blood supply, spread and evade the immune system.\" \/>\n<meta property=\"og:url\" content=\"https:\/\/beonemedicines.ca\/fr\/science\/research-and-development\/solid-tumors\/\" \/>\n<meta property=\"og:site_name\" content=\"BeOne Medicines FR\" \/>\n<meta property=\"article:modified_time\" content=\"2025-10-15T19:58:08+00:00\" \/>\n<meta name=\"twitter:card\" content=\"summary_large_image\" \/>\n<script type=\"application\/ld+json\" class=\"yoast-schema-graph\">{\"@context\":\"https:\\\/\\\/schema.org\",\"@graph\":[{\"@type\":\"WebPage\",\"@id\":\"https:\\\/\\\/beonemedicines.ca\\\/fr\\\/science\\\/research-and-development\\\/solid-tumors\\\/\",\"url\":\"https:\\\/\\\/beonemedicines.ca\\\/fr\\\/science\\\/research-and-development\\\/solid-tumors\\\/\",\"name\":\"Disease Focus Area: Solid Tumors | BeOne Medicines\",\"isPartOf\":{\"@id\":\"https:\\\/\\\/beonemedicines.ca\\\/fr\\\/#website\"},\"datePublished\":\"2025-04-09T17:15:40+00:00\",\"dateModified\":\"2025-10-15T19:58:08+00:00\",\"description\":\"Explore BeOne's research on solid tumors, focusing on how these cancers grow, form blood supply, spread and evade the immune system.\",\"breadcrumb\":{\"@id\":\"https:\\\/\\\/beonemedicines.ca\\\/fr\\\/science\\\/research-and-development\\\/solid-tumors\\\/#breadcrumb\"},\"inLanguage\":\"en-US\",\"potentialAction\":[{\"@type\":\"ReadAction\",\"target\":[\"https:\\\/\\\/beonemedicines.ca\\\/fr\\\/science\\\/research-and-development\\\/solid-tumors\\\/\"]}]},{\"@type\":\"BreadcrumbList\",\"@id\":\"https:\\\/\\\/beonemedicines.ca\\\/fr\\\/science\\\/research-and-development\\\/solid-tumors\\\/#breadcrumb\",\"itemListElement\":[{\"@type\":\"ListItem\",\"position\":1,\"name\":\"Home\",\"item\":\"https:\\\/\\\/beonemedicines.ca\\\/fr\\\/\"},{\"@type\":\"ListItem\",\"position\":2,\"name\":\"Science\",\"item\":\"https:\\\/\\\/beonemedicines.ca\\\/fr\\\/science\\\/\"},{\"@type\":\"ListItem\",\"position\":3,\"name\":\"Solid Tumors\"}]},{\"@type\":\"WebSite\",\"@id\":\"https:\\\/\\\/beonemedicines.ca\\\/fr\\\/#website\",\"url\":\"https:\\\/\\\/beonemedicines.ca\\\/fr\\\/\",\"name\":\"BeOne Medicines FR\",\"description\":\"\",\"potentialAction\":[{\"@type\":\"SearchAction\",\"target\":{\"@type\":\"EntryPoint\",\"urlTemplate\":\"https:\\\/\\\/beonemedicines.ca\\\/fr\\\/?s={search_term_string}\"},\"query-input\":{\"@type\":\"PropertyValueSpecification\",\"valueRequired\":true,\"valueName\":\"search_term_string\"}}],\"inLanguage\":\"en-US\"}]}<\/script>\n<!-- \/ Yoast SEO plugin. -->","yoast_head_json":{"title":"Disease Focus Area: Solid Tumors | BeOne Medicines","description":"Explore BeOne's research on solid tumors, focusing on how these cancers grow, form blood supply, spread and evade the immune system.","robots":{"index":"index","follow":"follow","max-snippet":"max-snippet:-1","max-image-preview":"max-image-preview:large","max-video-preview":"max-video-preview:-1"},"canonical":"https:\/\/beonemedicines.ca\/fr\/science\/research-and-development\/solid-tumors\/","og_locale":"en_US","og_type":"article","og_title":"Disease Focus Area: Solid Tumors | BeOne Medicines","og_description":"Explore BeOne's research on solid tumors, focusing on how these cancers grow, form blood supply, spread and evade the immune system.","og_url":"https:\/\/beonemedicines.ca\/fr\/science\/research-and-development\/solid-tumors\/","og_site_name":"BeOne Medicines FR","article_modified_time":"2025-10-15T19:58:08+00:00","twitter_card":"summary_large_image","schema":{"@context":"https:\/\/schema.org","@graph":[{"@type":"WebPage","@id":"https:\/\/beonemedicines.ca\/fr\/science\/research-and-development\/solid-tumors\/","url":"https:\/\/beonemedicines.ca\/fr\/science\/research-and-development\/solid-tumors\/","name":"Disease Focus Area: Solid Tumors | BeOne Medicines","isPartOf":{"@id":"https:\/\/beonemedicines.ca\/fr\/#website"},"datePublished":"2025-04-09T17:15:40+00:00","dateModified":"2025-10-15T19:58:08+00:00","description":"Explore BeOne's research on solid tumors, focusing on how these cancers grow, form blood supply, spread and evade the immune system.","breadcrumb":{"@id":"https:\/\/beonemedicines.ca\/fr\/science\/research-and-development\/solid-tumors\/#breadcrumb"},"inLanguage":"en-US","potentialAction":[{"@type":"ReadAction","target":["https:\/\/beonemedicines.ca\/fr\/science\/research-and-development\/solid-tumors\/"]}]},{"@type":"BreadcrumbList","@id":"https:\/\/beonemedicines.ca\/fr\/science\/research-and-development\/solid-tumors\/#breadcrumb","itemListElement":[{"@type":"ListItem","position":1,"name":"Home","item":"https:\/\/beonemedicines.ca\/fr\/"},{"@type":"ListItem","position":2,"name":"Science","item":"https:\/\/beonemedicines.ca\/fr\/science\/"},{"@type":"ListItem","position":3,"name":"Solid Tumors"}]},{"@type":"WebSite","@id":"https:\/\/beonemedicines.ca\/fr\/#website","url":"https:\/\/beonemedicines.ca\/fr\/","name":"BeOne Medicines FR","description":"","potentialAction":[{"@type":"SearchAction","target":{"@type":"EntryPoint","urlTemplate":"https:\/\/beonemedicines.ca\/fr\/?s={search_term_string}"},"query-input":{"@type":"PropertyValueSpecification","valueRequired":true,"valueName":"search_term_string"}}],"inLanguage":"en-US"}]}},"_links":{"self":[{"href":"https:\/\/beonemedicines.ca\/fr\/wp-json\/wp\/v2\/pages\/7165","targetHints":{"allow":["GET"]}}],"collection":[{"href":"https:\/\/beonemedicines.ca\/fr\/wp-json\/wp\/v2\/pages"}],"about":[{"href":"https:\/\/beonemedicines.ca\/fr\/wp-json\/wp\/v2\/types\/page"}],"author":[{"embeddable":true,"href":"https:\/\/beonemedicines.ca\/fr\/wp-json\/wp\/v2\/users\/1"}],"replies":[{"embeddable":true,"href":"https:\/\/beonemedicines.ca\/fr\/wp-json\/wp\/v2\/comments?post=7165"}],"version-history":[{"count":2,"href":"https:\/\/beonemedicines.ca\/fr\/wp-json\/wp\/v2\/pages\/7165\/revisions"}],"predecessor-version":[{"id":24137,"href":"https:\/\/beonemedicines.ca\/fr\/wp-json\/wp\/v2\/pages\/7165\/revisions\/24137"}],"up":[{"embeddable":true,"href":"https:\/\/beonemedicines.ca\/fr\/wp-json\/wp\/v2\/pages\/24105"}],"wp:attachment":[{"href":"https:\/\/beonemedicines.ca\/fr\/wp-json\/wp\/v2\/media?parent=7165"}],"curies":[{"name":"wp","href":"https:\/\/api.w.org\/{rel}","templated":true}]}}