{"id":6908,"date":"2025-04-08T17:10:30","date_gmt":"2025-04-08T17:10:30","guid":{"rendered":"https:\/\/beonemedicines.ca\/?page_id=6908"},"modified":"2025-10-15T19:57:26","modified_gmt":"2025-10-15T19:57:26","slug":"hematologie","status":"publish","type":"page","link":"https:\/\/beonemedicines.ca\/fr\/science\/recherche-et-developpement\/hematologie\/","title":{"rendered":"H\u00e9matologie"},"content":{"rendered":"<!-- Hero \/ Interior no image -->\r\n<section class=\"hero-interior-noimg-sec bg-primary-cerulean overflow-x-clip \">\r\n    <div class=\"card-offset-watermark watermark-rightbotttom\">\r\n        <img decoding=\"async\" src=\"https:\/\/beonemedicines.ca\/fr\/wp-content\/themes\/beigene20\/assets\/img\/cutoutStar-icon.svg\" alt=\"Watermark\">\r\n    <\/div>\r\n    <div class=\"container\">\r\n        <div class=\"sec-header\">\r\n            <div class=\"sec-head\">\r\n                \r\n                <h1 class=\"anim fadeInUp\">Cibler les cancers h\u00e9matologiques<\/h1>\r\n            <\/div>\r\n            <div class=\"sec-body\">\r\n                                                <div class=\"anim fadeInUp\">\r\n                    <p>Les cancers h\u00e9matologiques, en particulier ceux qui touchent les lymphocytes B, constituent l\u2019un des domaines de pr\u00e9dilection pour BeOne Medicines.<\/p>\n                <\/div>\r\n                            <\/div>\r\n                    <\/div>\r\n    <\/div>\r\n<\/section>\r\n<!-- Hero \/ Interior no image -->\r\n\r\n\n\n<!-- Copy block -->\r\n<section class=\"nav-tertiary-sec copy-block  bg-white\" >\r\n    <div class=\"container\">\r\n        <div class=\"row\">\r\n            \r\n            <div class=\"col-md-8 col-lg-9\">\r\n                \r\n                <div class=\"main-container tab-container\">                    \r\n                                                <section class=\"section anim fadeInUp \">\r\n                            <!-- <section class=\"section anim fadeInUp \" > -->\r\n                                <div class=\"sec-header\">\r\n                                    <div class=\"sec-head\">\r\n                                                                                                                    <\/div>\r\n                                    <div class=\"sec-body\">\r\n                                                                                    \r\n                                            <div><p>Les cancers h\u00e9matologiques repr\u00e9sentent le cinqui\u00e8me type de cancer le plus r\u00e9pandu dans le monde, avec pr\u00e8s de 1,3 million de nouveaux cas diagnostiqu\u00e9s en 2020<sup>1<\/sup>. Les cancers prennent naissance dans la moelle osseuse ou le syst\u00e8me lymphatique, lorsque les cellules sanguines commencent \u00e0 se multiplier de fa\u00e7on incontr\u00f4l\u00e9e<sup>2<\/sup>.<\/p>\n<p>Les lymphocytes B sont des globules blancs qui nous d\u00e9fendent contre les infections en produisant des anticorps<sup>3<\/sup>. Dans les cancers \u00e0 lymphocytes B, le corps en produit une quantit\u00e9 excessive de lymphocytes B de mani\u00e8re anormale, ce qui donne lieu \u00e0 la formation de cellules canc\u00e9reuses, qui sont moins efficaces pour combattre les infections et peuvent se propager \u00e0 d\u2019autres parties du corps<sup>4<\/sup>.<\/p>\n<\/div>\r\n                                                                            <\/div>\r\n                                    \r\n                                                                             <!-- <style>\r\n                                            .after-buttons {\r\n                                                display: flex; gap: 30px;\r\n                                             }\r\n\r\n                                            .after-buttons a {\r\n                                                flex: ;\r\n                                            }\r\n                                         <\/style> -->\r\n                                                                             <style>\r\n                                            .after-buttons {\r\n                                                display: flex; gap: 30px; flex-wrap: wrap;\r\n                                            }\r\n\r\n                                            .after-buttons a {\r\n                                                flex: 0 1 auto;\r\n                                            }\r\n\r\n                                            .after-buttons.multiple > div {\r\n                                                flex: 0 1 calc(50% - 30px);\r\n                                            }\r\n                                        <\/style>\r\n                                     \r\n                                    \r\n                                    <div class=\"after-buttons \">\r\n                                                                            <\/div>\r\n                                <\/div>\t\r\n                            <\/section>\r\n                                                <section class=\"section anim fadeInUp \">\r\n                            <!-- <section class=\"section anim fadeInUp \" > -->\r\n                                <div class=\"sec-header\">\r\n                                    <div class=\"sec-head\">\r\n                                                                                                                            <h2>Nouvelles approches th\u00e9rapeutiques<\/h2>\r\n                                                                            <\/div>\r\n                                    <div class=\"sec-body\">\r\n                                                                                    \r\n                                            <div><p>Il existe de nombreuses fa\u00e7ons de traiter les cancers h\u00e9matologiques et de nouvelles options sont constamment explor\u00e9es. Le traitement peut d\u00e9pendre du type de cancer, de l\u2019agressivit\u00e9 de la maladie, de l\u2019\u00e9tat de sant\u00e9 g\u00e9n\u00e9ral du patient et de nombreux autres facteurs. Les traitements actuellement disponibles incluent la chirurgie, la chimioth\u00e9rapie, la radioth\u00e9rapie, la th\u00e9rapie cibl\u00e9e, l\u2019immunoth\u00e9rapie, la greffe de cellules souches ou une combinaison de ces m\u00e9thodes<sup>5<\/sup>.<\/p>\n<p>Actuellement, BeOne travaille \u00e0 la mise au point de traitements novateurs qui seraient les meilleurs de leur classe pour lutter contre les cancers \u00e0 lymphocytes B, y compris la leuc\u00e9mie lympho\u00efde chronique et le lymphome \u00e0 petites cellules. Nos domaines de recherche sont les suivants :<\/p>\n<ul>\n<li><strong>Traitements cibl\u00e9s :<\/strong> ces traitements peuvent cibler certaines prot\u00e9ines dans les cancers \u00e0 lymphocytes B afin d\u2019interrompre la croissance du cancer. Cela comprend :<\/li>\n<li style=\"list-style-type: none;\">\n<ul>\n<li>La pierre angulaire de notre franchise h\u00e9matologique \u2013 notre inhibiteur de la tyrosine kinase de Bruton (BTK), qui est capable de traiter les cancers \u00e0 lymphocytes B en bloquant (ou en inhibant) certaines prot\u00e9ines pr\u00e9sentes dans les cellules canc\u00e9reuses.<\/li>\n<li>Notre inhibiteur du lymphome \u00e0 cellules B 2 (BCL2) de stade avanc\u00e9, qui fait partie d\u2019une classe de m\u00e9dicaments appel\u00e9s BH3 mim\u00e9tiques, lesquels fonctionnent en imitant les signaux naturels de mort cellulaire.<\/li>\n<\/ul>\n<\/li>\n<li><strong>D\u00e9gradeurs de prot\u00e9ines :<\/strong> ces mol\u00e9cules issues de notre plateforme CDAC (Chimeric Degradation Activation Compound [compos\u00e9 chim\u00e9rique activateur de d\u00e9gradation]) utilisent la capacit\u00e9 inn\u00e9e des cellules \u00e0 \u00e9liminer les cellules ind\u00e9sirables comme les cellules canc\u00e9reuses. En misant sur cette approche, ces traitements ciblent sp\u00e9cifiquement les prot\u00e9ines des cellules canc\u00e9reuses, leur envoyant un signal pour qu\u2019elles soient d\u00e9truites.<\/li>\n<\/ul>\n<\/div>\r\n                                                                            <\/div>\r\n                                    \r\n                                        <div class=\"sec-buttons\">\r\n                                            <a href=\"\/fr\/science\/recherche-et-developpement\/\" target=\"_self\" class=\"btn-default btn-primary btn-crosslinks \">\r\n                                                <span>En savoir plus sur notre d\u00e9marche en recherche et d\u00e9veloppement<\/span>\r\n                                            <\/a>\r\n\r\n                                            \r\n                                        <\/div>\r\n                                    \r\n                                                                             <!-- <style>\r\n                                            .after-buttons {\r\n                                                display: flex; gap: 30px;\r\n                                             }\r\n\r\n                                            .after-buttons a {\r\n                                                flex: ;\r\n                                            }\r\n                                         <\/style> -->\r\n                                                                             <style>\r\n                                            .after-buttons {\r\n                                                display: flex; gap: 30px; flex-wrap: wrap;\r\n                                            }\r\n\r\n                                            .after-buttons a {\r\n                                                flex: 0 1 auto;\r\n                                            }\r\n\r\n                                            .after-buttons.multiple > div {\r\n                                                flex: 0 1 calc(50% - 30px);\r\n                                            }\r\n                                        <\/style>\r\n                                     \r\n                                    \r\n                                    <div class=\"after-buttons \">\r\n                                                                            <\/div>\r\n                                <\/div>\t\r\n                            <\/section>\r\n                                    <\/div>\r\n                \r\n            <\/div>\r\n            <div class=\"col-md-4 col-lg-3\">\r\n                \r\n            <\/div> \r\n        <\/div>\r\n    <\/div>\r\n<\/section>\r\n<!-- Copy block -->\r\n\n\n<!-- Copy block -->\r\n<section class=\"nav-tertiary-sec copy-block  bg-tertiary-light\" >\r\n    <div class=\"container\">\r\n        <div class=\"row\">\r\n            \r\n            <div class=\"col-md-8 col-lg-9\">\r\n                \r\n                <div class=\"main-container tab-container\">                    \r\n                                                <section class=\"section anim fadeInUp \">\r\n                            <!-- <section class=\"section anim fadeInUp \" > -->\r\n                                <div class=\"sec-header\">\r\n                                    <div class=\"sec-head\">\r\n                                                                                    <h6 class=\"eyebrow  blue \">References<\/h6>\r\n                                                                                                                    <\/div>\r\n                                    <div class=\"sec-body\">\r\n                                                                                    \r\n                                            <div><p><span class=\"footnote\"><sup>1<\/sup> https:\/\/www.worldwidecancerresearch.org\/information-and-impact\/cancer-myths-and-questions\/what-is-blood-cancer-and-why-do-we-need-more-research<\/span><\/p>\n<p><span class=\"footnote\"><sup>2<\/sup> https:\/\/www.cancer.org\/cancer\/types\/blood-cancer.html<\/span><\/p>\n<p><span class=\"footnote\"><sup>3<\/sup> https:\/\/my.clevelandclinic.org\/health\/body\/24669-b-cells<\/span><\/p>\n<p><span class=\"footnote\"><sup>4<\/sup> https:\/\/www.webmd.com\/cancer\/lymphoma\/what-is-b-cell-lymphoma#1<\/span><\/p>\n<p><span class=\"footnote\"><sup>5<\/sup> https:\/\/www.lls.org\/treatment\/types-treatment<\/span><\/p>\n<\/div>\r\n                                                                            <\/div>\r\n                                    \r\n                                                                             <!-- <style>\r\n                                            .after-buttons {\r\n                                                display: flex; gap: 30px;\r\n                                             }\r\n\r\n                                            .after-buttons a {\r\n                                                flex: ;\r\n                                            }\r\n                                         <\/style> -->\r\n                                                                             <style>\r\n                                            .after-buttons {\r\n                                                display: flex; gap: 30px; flex-wrap: wrap;\r\n                                            }\r\n\r\n                                            .after-buttons a {\r\n                                                flex: 0 1 auto;\r\n                                            }\r\n\r\n                                            .after-buttons.multiple > div {\r\n                                                flex: 0 1 calc(50% - 30px);\r\n                                            }\r\n                                        <\/style>\r\n                                     \r\n                                    \r\n                                    <div class=\"after-buttons \">\r\n                                                                            <\/div>\r\n                                <\/div>\t\r\n                            <\/section>\r\n                                    <\/div>\r\n                \r\n            <\/div>\r\n            <div class=\"col-md-4 col-lg-3\">\r\n                \r\n            <\/div> \r\n        <\/div>\r\n    <\/div>\r\n<\/section>\r\n<!-- Copy block -->\r\n","protected":false},"excerpt":{"rendered":"","protected":false},"author":1,"featured_media":0,"parent":24105,"menu_order":0,"comment_status":"closed","ping_status":"closed","template":"","meta":{"_acf_changed":true,"footnotes":""},"class_list":["post-6908","page","type-page","status-publish","hentry"],"acf":[],"yoast_head":"<!-- This site is optimized with the Yoast SEO plugin v27.5 - https:\/\/yoast.com\/product\/yoast-seo-wordpress\/ -->\n<title>H\u00e9matologie - BeOne Medicines FR<\/title>\n<meta name=\"robots\" content=\"index, follow, max-snippet:-1, max-image-preview:large, max-video-preview:-1\" \/>\n<link rel=\"canonical\" href=\"https:\/\/beonemedicines.ca\/fr\/science\/research-and-development\/hematology\/\" \/>\n<meta property=\"og:locale\" content=\"en_US\" \/>\n<meta property=\"og:type\" content=\"article\" \/>\n<meta property=\"og:title\" content=\"H\u00e9matologie - BeOne Medicines FR\" \/>\n<meta property=\"og:url\" content=\"https:\/\/beonemedicines.ca\/fr\/science\/research-and-development\/hematology\/\" \/>\n<meta property=\"og:site_name\" content=\"BeOne Medicines FR\" \/>\n<meta property=\"article:modified_time\" content=\"2025-10-15T19:57:26+00:00\" \/>\n<meta name=\"twitter:card\" content=\"summary_large_image\" \/>\n<script type=\"application\/ld+json\" class=\"yoast-schema-graph\">{\"@context\":\"https:\\\/\\\/schema.org\",\"@graph\":[{\"@type\":\"WebPage\",\"@id\":\"https:\\\/\\\/beonemedicines.ca\\\/fr\\\/science\\\/research-and-development\\\/hematology\\\/\",\"url\":\"https:\\\/\\\/beonemedicines.ca\\\/fr\\\/science\\\/research-and-development\\\/hematology\\\/\",\"name\":\"H\u00e9matologie - BeOne Medicines FR\",\"isPartOf\":{\"@id\":\"https:\\\/\\\/beonemedicines.ca\\\/fr\\\/#website\"},\"datePublished\":\"2025-04-08T17:10:30+00:00\",\"dateModified\":\"2025-10-15T19:57:26+00:00\",\"breadcrumb\":{\"@id\":\"https:\\\/\\\/beonemedicines.ca\\\/fr\\\/science\\\/research-and-development\\\/hematology\\\/#breadcrumb\"},\"inLanguage\":\"en-US\",\"potentialAction\":[{\"@type\":\"ReadAction\",\"target\":[\"https:\\\/\\\/beonemedicines.ca\\\/fr\\\/science\\\/research-and-development\\\/hematology\\\/\"]}]},{\"@type\":\"BreadcrumbList\",\"@id\":\"https:\\\/\\\/beonemedicines.ca\\\/fr\\\/science\\\/research-and-development\\\/hematology\\\/#breadcrumb\",\"itemListElement\":[{\"@type\":\"ListItem\",\"position\":1,\"name\":\"Home\",\"item\":\"https:\\\/\\\/beonemedicines.ca\\\/fr\\\/\"},{\"@type\":\"ListItem\",\"position\":2,\"name\":\"Science\",\"item\":\"https:\\\/\\\/beonemedicines.ca\\\/fr\\\/science\\\/\"},{\"@type\":\"ListItem\",\"position\":3,\"name\":\"Hematology\"}]},{\"@type\":\"WebSite\",\"@id\":\"https:\\\/\\\/beonemedicines.ca\\\/fr\\\/#website\",\"url\":\"https:\\\/\\\/beonemedicines.ca\\\/fr\\\/\",\"name\":\"BeOne Medicines FR\",\"description\":\"\",\"potentialAction\":[{\"@type\":\"SearchAction\",\"target\":{\"@type\":\"EntryPoint\",\"urlTemplate\":\"https:\\\/\\\/beonemedicines.ca\\\/fr\\\/?s={search_term_string}\"},\"query-input\":{\"@type\":\"PropertyValueSpecification\",\"valueRequired\":true,\"valueName\":\"search_term_string\"}}],\"inLanguage\":\"en-US\"}]}<\/script>\n<!-- \/ Yoast SEO plugin. -->","yoast_head_json":{"title":"H\u00e9matologie - BeOne Medicines FR","robots":{"index":"index","follow":"follow","max-snippet":"max-snippet:-1","max-image-preview":"max-image-preview:large","max-video-preview":"max-video-preview:-1"},"canonical":"https:\/\/beonemedicines.ca\/fr\/science\/research-and-development\/hematology\/","og_locale":"en_US","og_type":"article","og_title":"H\u00e9matologie - BeOne Medicines FR","og_url":"https:\/\/beonemedicines.ca\/fr\/science\/research-and-development\/hematology\/","og_site_name":"BeOne Medicines FR","article_modified_time":"2025-10-15T19:57:26+00:00","twitter_card":"summary_large_image","schema":{"@context":"https:\/\/schema.org","@graph":[{"@type":"WebPage","@id":"https:\/\/beonemedicines.ca\/fr\/science\/research-and-development\/hematology\/","url":"https:\/\/beonemedicines.ca\/fr\/science\/research-and-development\/hematology\/","name":"H\u00e9matologie - BeOne Medicines FR","isPartOf":{"@id":"https:\/\/beonemedicines.ca\/fr\/#website"},"datePublished":"2025-04-08T17:10:30+00:00","dateModified":"2025-10-15T19:57:26+00:00","breadcrumb":{"@id":"https:\/\/beonemedicines.ca\/fr\/science\/research-and-development\/hematology\/#breadcrumb"},"inLanguage":"en-US","potentialAction":[{"@type":"ReadAction","target":["https:\/\/beonemedicines.ca\/fr\/science\/research-and-development\/hematology\/"]}]},{"@type":"BreadcrumbList","@id":"https:\/\/beonemedicines.ca\/fr\/science\/research-and-development\/hematology\/#breadcrumb","itemListElement":[{"@type":"ListItem","position":1,"name":"Home","item":"https:\/\/beonemedicines.ca\/fr\/"},{"@type":"ListItem","position":2,"name":"Science","item":"https:\/\/beonemedicines.ca\/fr\/science\/"},{"@type":"ListItem","position":3,"name":"Hematology"}]},{"@type":"WebSite","@id":"https:\/\/beonemedicines.ca\/fr\/#website","url":"https:\/\/beonemedicines.ca\/fr\/","name":"BeOne Medicines FR","description":"","potentialAction":[{"@type":"SearchAction","target":{"@type":"EntryPoint","urlTemplate":"https:\/\/beonemedicines.ca\/fr\/?s={search_term_string}"},"query-input":{"@type":"PropertyValueSpecification","valueRequired":true,"valueName":"search_term_string"}}],"inLanguage":"en-US"}]}},"_links":{"self":[{"href":"https:\/\/beonemedicines.ca\/fr\/wp-json\/wp\/v2\/pages\/6908","targetHints":{"allow":["GET"]}}],"collection":[{"href":"https:\/\/beonemedicines.ca\/fr\/wp-json\/wp\/v2\/pages"}],"about":[{"href":"https:\/\/beonemedicines.ca\/fr\/wp-json\/wp\/v2\/types\/page"}],"author":[{"embeddable":true,"href":"https:\/\/beonemedicines.ca\/fr\/wp-json\/wp\/v2\/users\/1"}],"replies":[{"embeddable":true,"href":"https:\/\/beonemedicines.ca\/fr\/wp-json\/wp\/v2\/comments?post=6908"}],"version-history":[{"count":2,"href":"https:\/\/beonemedicines.ca\/fr\/wp-json\/wp\/v2\/pages\/6908\/revisions"}],"predecessor-version":[{"id":24124,"href":"https:\/\/beonemedicines.ca\/fr\/wp-json\/wp\/v2\/pages\/6908\/revisions\/24124"}],"up":[{"embeddable":true,"href":"https:\/\/beonemedicines.ca\/fr\/wp-json\/wp\/v2\/pages\/24105"}],"wp:attachment":[{"href":"https:\/\/beonemedicines.ca\/fr\/wp-json\/wp\/v2\/media?parent=6908"}],"curies":[{"name":"wp","href":"https:\/\/api.w.org\/{rel}","templated":true}]}}