{"id":3981,"date":"2025-04-02T16:02:10","date_gmt":"2025-04-02T16:02:10","guid":{"rendered":"https:\/\/beonemedicines.ca\/?page_id=3981"},"modified":"2026-01-12T21:10:09","modified_gmt":"2026-01-12T21:10:09","slug":"notre-engagement-envers-les-patients","status":"publish","type":"page","link":"https:\/\/beonemedicines.ca\/fr\/patients\/notre-engagement-envers-les-patients\/","title":{"rendered":"Notre engagement envers les patients"},"content":{"rendered":"<!-- Hero \/ Interior no image -->\r\n<section class=\"hero-interior-noimg-sec bg-primary-cerulean overflow-x-clip \">\r\n    <div class=\"card-offset-watermark watermark-rightbotttom\">\r\n        <img decoding=\"async\" src=\"https:\/\/beonemedicines.ca\/fr\/wp-content\/themes\/beigene20\/assets\/img\/cutoutStar-icon.svg\" alt=\"Watermark\">\r\n    <\/div>\r\n    <div class=\"container\">\r\n        <div class=\"sec-header\">\r\n            <div class=\"sec-head\">\r\n                \r\n                <h1 class=\"anim fadeInUp\">Notre engagement envers les patients<\/h1>\r\n            <\/div>\r\n            <div class=\"sec-body\">\r\n                                            <\/div>\r\n                    <\/div>\r\n    <\/div>\r\n<\/section>\r\n<!-- Hero \/ Interior no image -->\r\n\r\n\n\n<!-- Copy block -->\r\n<section class=\"nav-tertiary-sec copy-block  bg-white\" >\r\n    <div class=\"container\">\r\n        <div class=\"row\">\r\n            \r\n            <div class=\"col-md-8 col-lg-9\">\r\n                \r\n                <div class=\"main-container tab-container\">                    \r\n                                                <section class=\"section anim fadeInUp \">\r\n                            <!-- <section class=\"section anim fadeInUp \" > -->\r\n                                <div class=\"sec-header\">\r\n                                    <div class=\"sec-head\">\r\n                                                                                                                            <h2>Le cancer n\u2019a pas de limite. Et nous non plus.<\/h2>\r\n                                                                            <\/div>\r\n                                    <div class=\"sec-body\">\r\n                                                                                    \r\n                                            <div><p>Chez BeOne Medicines, anciennement BeiGene, le \u00ab patient d\u2019abord \u00bb est plus qu\u2019une valeur centrale \u2013 c\u2019est notre principe directeur. Chaque jour, nous nous effor\u00e7ons de mettre au point plus rapidement des m\u00e9dicaments de haute qualit\u00e9, innovants et efficaces pour les patients. Il ne suffit pas que de tels m\u00e9dicaments existent. Nous voulons nous assurer que les patients puissent y acc\u00e9der. Nous travaillons avec les communaut\u00e9s \u0153uvrant dans la lutte contre le cancer aux \u00c9tats-Unis, en Europe, en Asie et \u00e0 travers le monde pour apprendre des patients, de leur famille et de leurs partenaires de soins. Notre objectif est de cerner les lacunes et de les combler afin d\u2019am\u00e9liorer leur qualit\u00e9 de vie.<\/p>\n<p>&nbsp;<\/p>\n<p><img loading=\"lazy\" decoding=\"async\" class=\"alignnone size-medium wp-image-24145\" src=\"https:\/\/beonemedicines.ca\/fr\/wp-content\/uploads\/sites\/4\/2025\/10\/myBeOne_Sup_TM_Logo_Horz_RGB_FR-300x38.png\" alt=\"\" width=\"300\" height=\"38\" srcset=\"https:\/\/beonemedicines.ca\/fr\/wp-content\/uploads\/sites\/4\/2025\/10\/myBeOne_Sup_TM_Logo_Horz_RGB_FR-300x38.png 300w, https:\/\/beonemedicines.ca\/fr\/wp-content\/uploads\/sites\/4\/2025\/10\/myBeOne_Sup_TM_Logo_Horz_RGB_FR-1024x130.png 1024w, https:\/\/beonemedicines.ca\/fr\/wp-content\/uploads\/sites\/4\/2025\/10\/myBeOne_Sup_TM_Logo_Horz_RGB_FR-768x98.png 768w, https:\/\/beonemedicines.ca\/fr\/wp-content\/uploads\/sites\/4\/2025\/10\/myBeOne_Sup_TM_Logo_Horz_RGB_FR.png 1268w\" sizes=\"auto, (max-width: 300px) 100vw, 300px\" \/><\/p>\n<p>Con\u00e7u pour fournir des renseignements et de l\u2019aide appropri\u00e9s aux patients BRUKINSA, notamment :<\/p>\n<h4>Aide au remboursement\/paiement<\/h4>\n<ul>\n<li>Des gestionnaires de cas d\u00e9di\u00e9s qui aident \u00e0 la v\u00e9rification de l\u2019assurance, de l\u2019acc\u00e8s temporaire en attente du remboursement ou de l\u2019aide \u00e0 la coassurance, afin que les patients puissent avoir acc\u00e8s \u00e0 BRUKINSA.<\/li>\n<\/ul>\n<h4>\u00c9ducation et soutien<\/h4>\n<ul>\n<li>Des infirmi\u00e8res gestionnaires de cas d\u00e9di\u00e9es aux patients, aux proches aidants et aux professionnels de la sant\u00e9.<\/li>\n<li>Qui aident \u00e0 fournir des renseignements sur la maladie et le traitement par BRUKINSA.<\/li>\n<li>Des pharmaciens de sp\u00e9cialit\u00e9 qui discutent avec les patients \u00e0 chaque renouvellement d\u2019ordonnance.<\/li>\n<\/ul>\n<h4>Liens avec les organismes ind\u00e9pendants de d\u00e9fense des droits<\/h4>\n<ul>\n<li>Aide aux patients et aux proches aidants en offrant un appui concret en les mettant en relation avec des associations de patients et des ressources gratuites locales ou nationales, telles que :\n<ul>\n<li>De l\u2019\u00e9ducation et des \u00e9v\u00e9nements.<\/li>\n<li>Des renseignements sur les groupes de soutien.<\/li>\n<\/ul>\n<\/li>\n<\/ul>\n<p>Inscrivez vos patients BRUKINSA visitant la section Soutien aux patients au <a href=\"https:\/\/brukinsa.ca\/fr\/\" target=\"_blank\" rel=\"noopener\">www.BRUKINSA.ca<\/a> ou en t\u00e9l\u00e9phonant au 1-833-234-4366<\/p>\n<\/div>\r\n                                                                            <\/div>\r\n                                    \r\n                                                                             <!-- <style>\r\n                                            .after-buttons {\r\n                                                display: flex; gap: 30px;\r\n                                             }\r\n\r\n                                            .after-buttons a {\r\n                                                flex: ;\r\n                                            }\r\n                                         <\/style> -->\r\n                                                                             <style>\r\n                                            .after-buttons {\r\n                                                display: flex; gap: 30px; flex-wrap: wrap;\r\n                                            }\r\n\r\n                                            .after-buttons a {\r\n                                                flex: 0 1 auto;\r\n                                            }\r\n\r\n                                            .after-buttons.multiple > div {\r\n                                                flex: 0 1 calc(50% - 30px);\r\n                                            }\r\n                                        <\/style>\r\n                                     \r\n                                    \r\n                                    <div class=\"after-buttons \">\r\n                                                                            <\/div>\r\n                                <\/div>\t\r\n                            <\/section>\r\n                                                <section class=\"section anim fadeInUp \">\r\n                            <!-- <section class=\"section anim fadeInUp \" > -->\r\n                                <div class=\"sec-header\">\r\n                                    <div class=\"sec-head\">\r\n                                                                                                                            <h2>\u00c9lever les besoins des patients par des partenariats<\/h2>\r\n                                                                            <\/div>\r\n                                    <div class=\"sec-body\">\r\n                                                                                    \r\n                                            <div><p>Dans le cadre de la mission de BeOne qui consiste \u00e0 donner la priorit\u00e9 aux patients, nous nous engageons activement aupr\u00e8s des patients et de leurs d\u00e9fenseurs pour amplifier leur voix et pour accueillir leur parcours face au cancer. Nous croyons en des partenariats avec les communaut\u00e9s de patients pour r\u00e9pondre aux besoins des personnes atteintes de cancer et de leurs partenaires de soins. En soutenant les associations de patients, nous contribuons \u00e0 promouvoir et \u00e0 mettre en place des solutions qui outillent les patients et les aident \u00e0 am\u00e9liorer leurs r\u00e9sultats en mati\u00e8re de sant\u00e9. Ce travail nous permet non seulement de soutenir des programmes essentiels, mais aussi d\u2019int\u00e9grer des enseignements pr\u00e9cieux issus des communaut\u00e9s de patients dans nos strat\u00e9gies et d\u00e9cisions. L\u2019objectif est de continuer de rendre nos m\u00e9dicaments plus accessibles aux personnes atteintes de cancer.<\/p>\n<p>Nous croyons aux partenariats et aux initiatives novatrices qui peuvent am\u00e9liorer la vie des personnes touch\u00e9es par le cancer. Nous invitons les organisations de patients \u00e0 \u00e9crire \u00e0 l\u2019adresse <a href=\"mailto:patientadvocacy@beonemed.com\">patientadvocacy@beonemed.com<\/a>.<\/p>\n<\/div>\r\n                                                                            <\/div>\r\n                                    \r\n                                                                             <!-- <style>\r\n                                            .after-buttons {\r\n                                                display: flex; gap: 30px;\r\n                                             }\r\n\r\n                                            .after-buttons a {\r\n                                                flex: ;\r\n                                            }\r\n                                         <\/style> -->\r\n                                                                             <style>\r\n                                            .after-buttons {\r\n                                                display: flex; gap: 30px; flex-wrap: wrap;\r\n                                            }\r\n\r\n                                            .after-buttons a {\r\n                                                flex: 0 1 auto;\r\n                                            }\r\n\r\n                                            .after-buttons.multiple > div {\r\n                                                flex: 0 1 calc(50% - 30px);\r\n                                            }\r\n                                        <\/style>\r\n                                     \r\n                                    \r\n                                    <div class=\"after-buttons \">\r\n                                                                            <\/div>\r\n                                <\/div>\t\r\n                            <\/section>\r\n                                                <section class=\"section anim fadeInUp \">\r\n                            <!-- <section class=\"section anim fadeInUp \" > -->\r\n                                <div class=\"sec-header\">\r\n                                    <div class=\"sec-head\">\r\n                                                                                                                            <h2>Renseignements sur la maladie<\/h2>\r\n                                                                            <\/div>\r\n                                    <div class=\"sec-body\">\r\n                                                                                    \r\n                                            <div><p>Nous sommes convaincus de l\u2019utilit\u00e9 de partager avec les patients et leurs partenaires de soins les plus r\u00e9centes donn\u00e9es sur la maladie et les traitements afin de les aider \u00e0 comprendre les d\u00e9cisions th\u00e9rapeutiques et \u00e0 y participer. Voici les sections consacr\u00e9es \u00e0 notre recherche en oncologie.<\/p>\n<\/div>\r\n                                                                            <\/div>\r\n                                    \r\n                                                                             <!-- <style>\r\n                                            .after-buttons {\r\n                                                display: flex; gap: 30px;\r\n                                             }\r\n\r\n                                            .after-buttons a {\r\n                                                flex: ;\r\n                                            }\r\n                                         <\/style> -->\r\n                                                                             <style>\r\n                                            .after-buttons {\r\n                                                display: flex; gap: 30px; flex-wrap: wrap;\r\n                                            }\r\n\r\n                                            .after-buttons a {\r\n                                                flex: 0 1 auto;\r\n                                            }\r\n\r\n                                            .after-buttons.multiple > div {\r\n                                                flex: 0 1 calc(50% - 30px);\r\n                                            }\r\n                                        <\/style>\r\n                                     \r\n                                    \r\n                                    <div class=\"after-buttons \">\r\n                                        \r\n                                                            <div class=\"btn-wrap\">\r\n                                                                <a href=\"\/fr\/science\/recherche-et-developpement\/hematologie\/\" target=\"_self\" class=\"btn-primary btn-crosslinks \">\r\n                                                                    <span>H\u00e9matologie<\/span>\r\n                                                                <\/a>\r\n                                                            <\/div>\r\n                                                        \r\n                                                    \r\n                                                            <div class=\"btn-wrap\">\r\n                                                                <a href=\"\/fr\/science\/recherche-et-developpement\/tumeurs-solides\/\" target=\"_self\" class=\"btn-primary btn-crosslinks \">\r\n                                                                    <span>Tumeurs solides<\/span>\r\n                                                                <\/a>\r\n                                                            <\/div>\r\n                                                        \r\n                                                                                        <\/div>\r\n                                <\/div>\t\r\n                            <\/section>\r\n                                                <section class=\"section anim fadeInUp \">\r\n                            <!-- <section class=\"section anim fadeInUp \" > -->\r\n                                <div class=\"sec-header\">\r\n                                    <div class=\"sec-head\">\r\n                                                                                                                            <h2>Nos m\u00e9dicaments<\/h2>\r\n                                                                            <\/div>\r\n                                    <div class=\"sec-body\">\r\n                                                                                    \r\n                                            <div><p>Nous mettons tout en \u0153uvre pour proposer plus rapidement aux patients du monde entier des m\u00e9dicaments de haute qualit\u00e9, innovants et efficaces. Les patients et leurs partenaires de soins peuvent en apprendre plus sur les traitements que nous offrons en cliquant sur le lien ci-dessous.<\/p>\n<\/div>\r\n                                                                            <\/div>\r\n                                    \r\n                                        <div class=\"sec-buttons\">\r\n                                            <a href=\"\/fr\/science\/nos-medicaments\/\" target=\"_self\" class=\"btn-default btn-primary btn-crosslinks \">\r\n                                                <span>Nos m\u00e9dicaments<\/span>\r\n                                            <\/a>\r\n\r\n                                            \r\n                                        <\/div>\r\n                                    \r\n                                                                             <!-- <style>\r\n                                            .after-buttons {\r\n                                                display: flex; gap: 30px;\r\n                                             }\r\n\r\n                                            .after-buttons a {\r\n                                                flex: ;\r\n                                            }\r\n                                         <\/style> -->\r\n                                                                             <style>\r\n                                            .after-buttons {\r\n                                                display: flex; gap: 30px; flex-wrap: wrap;\r\n                                            }\r\n\r\n                                            .after-buttons a {\r\n                                                flex: 0 1 auto;\r\n                                            }\r\n\r\n                                            .after-buttons.multiple > div {\r\n                                                flex: 0 1 calc(50% - 30px);\r\n                                            }\r\n                                        <\/style>\r\n                                     \r\n                                    \r\n                                    <div class=\"after-buttons \">\r\n                                                                            <\/div>\r\n                                <\/div>\t\r\n                            <\/section>\r\n                                    <\/div>\r\n                \r\n            <\/div>\r\n            <div class=\"col-md-4 col-lg-3\">\r\n                \r\n            <\/div> \r\n        <\/div>\r\n    <\/div>\r\n<\/section>\r\n<!-- Copy block -->\r\n\n\n\n<p><\/p>\n","protected":false},"excerpt":{"rendered":"","protected":false},"author":1,"featured_media":0,"parent":7180,"menu_order":0,"comment_status":"closed","ping_status":"closed","template":"","meta":{"_acf_changed":true,"footnotes":""},"class_list":["post-3981","page","type-page","status-publish","hentry"],"acf":[],"yoast_head":"<!-- This site is optimized with the Yoast SEO plugin v27.5 - https:\/\/yoast.com\/product\/yoast-seo-wordpress\/ -->\n<title>Notre engagement envers les patients - BeOne Medicines FR<\/title>\n<meta name=\"robots\" content=\"index, follow, max-snippet:-1, max-image-preview:large, max-video-preview:-1\" \/>\n<link rel=\"canonical\" href=\"https:\/\/beonemedicines.ca\/fr\/patients\/our-commitment-to-patients\/\" \/>\n<meta property=\"og:locale\" content=\"en_US\" \/>\n<meta property=\"og:type\" content=\"article\" \/>\n<meta property=\"og:title\" content=\"Notre engagement envers les patients - BeOne Medicines FR\" \/>\n<meta property=\"og:url\" content=\"https:\/\/beonemedicines.ca\/fr\/patients\/our-commitment-to-patients\/\" \/>\n<meta property=\"og:site_name\" content=\"BeOne Medicines FR\" \/>\n<meta property=\"article:modified_time\" content=\"2026-01-12T21:10:09+00:00\" \/>\n<meta name=\"twitter:card\" content=\"summary_large_image\" \/>\n<script type=\"application\/ld+json\" class=\"yoast-schema-graph\">{\"@context\":\"https:\\\/\\\/schema.org\",\"@graph\":[{\"@type\":\"WebPage\",\"@id\":\"https:\\\/\\\/beonemedicines.ca\\\/fr\\\/patients\\\/our-commitment-to-patients\\\/\",\"url\":\"https:\\\/\\\/beonemedicines.ca\\\/fr\\\/patients\\\/our-commitment-to-patients\\\/\",\"name\":\"Notre engagement envers les patients - BeOne Medicines FR\",\"isPartOf\":{\"@id\":\"https:\\\/\\\/beonemedicines.ca\\\/fr\\\/#website\"},\"datePublished\":\"2025-04-02T16:02:10+00:00\",\"dateModified\":\"2026-01-12T21:10:09+00:00\",\"breadcrumb\":{\"@id\":\"https:\\\/\\\/beonemedicines.ca\\\/fr\\\/patients\\\/our-commitment-to-patients\\\/#breadcrumb\"},\"inLanguage\":\"en-US\",\"potentialAction\":[{\"@type\":\"ReadAction\",\"target\":[\"https:\\\/\\\/beonemedicines.ca\\\/fr\\\/patients\\\/our-commitment-to-patients\\\/\"]}]},{\"@type\":\"BreadcrumbList\",\"@id\":\"https:\\\/\\\/beonemedicines.ca\\\/fr\\\/patients\\\/our-commitment-to-patients\\\/#breadcrumb\",\"itemListElement\":[{\"@type\":\"ListItem\",\"position\":1,\"name\":\"Home\",\"item\":\"https:\\\/\\\/beonemedicines.ca\\\/fr\\\/\"},{\"@type\":\"ListItem\",\"position\":2,\"name\":\"Patients\",\"item\":\"https:\\\/\\\/beonemedicines.ca\\\/fr\\\/patients\\\/\"},{\"@type\":\"ListItem\",\"position\":3,\"name\":\"Our Commitment to Patients\"}]},{\"@type\":\"WebSite\",\"@id\":\"https:\\\/\\\/beonemedicines.ca\\\/fr\\\/#website\",\"url\":\"https:\\\/\\\/beonemedicines.ca\\\/fr\\\/\",\"name\":\"BeOne Medicines FR\",\"description\":\"\",\"potentialAction\":[{\"@type\":\"SearchAction\",\"target\":{\"@type\":\"EntryPoint\",\"urlTemplate\":\"https:\\\/\\\/beonemedicines.ca\\\/fr\\\/?s={search_term_string}\"},\"query-input\":{\"@type\":\"PropertyValueSpecification\",\"valueRequired\":true,\"valueName\":\"search_term_string\"}}],\"inLanguage\":\"en-US\"}]}<\/script>\n<!-- \/ Yoast SEO plugin. -->","yoast_head_json":{"title":"Notre engagement envers les patients - BeOne Medicines FR","robots":{"index":"index","follow":"follow","max-snippet":"max-snippet:-1","max-image-preview":"max-image-preview:large","max-video-preview":"max-video-preview:-1"},"canonical":"https:\/\/beonemedicines.ca\/fr\/patients\/our-commitment-to-patients\/","og_locale":"en_US","og_type":"article","og_title":"Notre engagement envers les patients - BeOne Medicines FR","og_url":"https:\/\/beonemedicines.ca\/fr\/patients\/our-commitment-to-patients\/","og_site_name":"BeOne Medicines FR","article_modified_time":"2026-01-12T21:10:09+00:00","twitter_card":"summary_large_image","schema":{"@context":"https:\/\/schema.org","@graph":[{"@type":"WebPage","@id":"https:\/\/beonemedicines.ca\/fr\/patients\/our-commitment-to-patients\/","url":"https:\/\/beonemedicines.ca\/fr\/patients\/our-commitment-to-patients\/","name":"Notre engagement envers les patients - BeOne Medicines FR","isPartOf":{"@id":"https:\/\/beonemedicines.ca\/fr\/#website"},"datePublished":"2025-04-02T16:02:10+00:00","dateModified":"2026-01-12T21:10:09+00:00","breadcrumb":{"@id":"https:\/\/beonemedicines.ca\/fr\/patients\/our-commitment-to-patients\/#breadcrumb"},"inLanguage":"en-US","potentialAction":[{"@type":"ReadAction","target":["https:\/\/beonemedicines.ca\/fr\/patients\/our-commitment-to-patients\/"]}]},{"@type":"BreadcrumbList","@id":"https:\/\/beonemedicines.ca\/fr\/patients\/our-commitment-to-patients\/#breadcrumb","itemListElement":[{"@type":"ListItem","position":1,"name":"Home","item":"https:\/\/beonemedicines.ca\/fr\/"},{"@type":"ListItem","position":2,"name":"Patients","item":"https:\/\/beonemedicines.ca\/fr\/patients\/"},{"@type":"ListItem","position":3,"name":"Our Commitment to Patients"}]},{"@type":"WebSite","@id":"https:\/\/beonemedicines.ca\/fr\/#website","url":"https:\/\/beonemedicines.ca\/fr\/","name":"BeOne Medicines FR","description":"","potentialAction":[{"@type":"SearchAction","target":{"@type":"EntryPoint","urlTemplate":"https:\/\/beonemedicines.ca\/fr\/?s={search_term_string}"},"query-input":{"@type":"PropertyValueSpecification","valueRequired":true,"valueName":"search_term_string"}}],"inLanguage":"en-US"}]}},"_links":{"self":[{"href":"https:\/\/beonemedicines.ca\/fr\/wp-json\/wp\/v2\/pages\/3981","targetHints":{"allow":["GET"]}}],"collection":[{"href":"https:\/\/beonemedicines.ca\/fr\/wp-json\/wp\/v2\/pages"}],"about":[{"href":"https:\/\/beonemedicines.ca\/fr\/wp-json\/wp\/v2\/types\/page"}],"author":[{"embeddable":true,"href":"https:\/\/beonemedicines.ca\/fr\/wp-json\/wp\/v2\/users\/1"}],"replies":[{"embeddable":true,"href":"https:\/\/beonemedicines.ca\/fr\/wp-json\/wp\/v2\/comments?post=3981"}],"version-history":[{"count":1,"href":"https:\/\/beonemedicines.ca\/fr\/wp-json\/wp\/v2\/pages\/3981\/revisions"}],"predecessor-version":[{"id":24266,"href":"https:\/\/beonemedicines.ca\/fr\/wp-json\/wp\/v2\/pages\/3981\/revisions\/24266"}],"up":[{"embeddable":true,"href":"https:\/\/beonemedicines.ca\/fr\/wp-json\/wp\/v2\/pages\/7180"}],"wp:attachment":[{"href":"https:\/\/beonemedicines.ca\/fr\/wp-json\/wp\/v2\/media?parent=3981"}],"curies":[{"name":"wp","href":"https:\/\/api.w.org\/{rel}","templated":true}]}}