{"id":24032,"date":"2025-10-10T03:31:20","date_gmt":"2025-10-10T03:31:20","guid":{"rendered":"https:\/\/beonemedicines.ca\/fr\/?page_id=24032"},"modified":"2026-04-24T15:00:18","modified_gmt":"2026-04-24T15:00:18","slug":"nos-medicaments","status":"publish","type":"page","link":"https:\/\/beonemedicines.ca\/fr\/science\/nos-medicaments\/","title":{"rendered":"Nos m\u00e9dicaments"},"content":{"rendered":"<!-- Hero | Interior with image -->\r\n<section class=\"hero-interior-sec card-image-right bg-tertiary-light overflow-x-clip \">\r\n    <div class=\"card-offset-watermark watermark-leftbotttom d-none d-md-block\">\r\n        <img decoding=\"async\" src=\"https:\/\/beonemedicines.ca\/fr\/wp-content\/themes\/beigene20\/assets\/img\/cutoutStar-icon.svg\" alt=\"Watermark\">\r\n    <\/div>\r\n    <div class=\"container offset-left container-offset\">\r\n        <div class=\"row\">\r\n            <div class=\"col-md-6 card-content-col\">\r\n                <div class=\"card-offset-watermark watermark-leftbotttom d-md-none\">\r\n                    <img decoding=\"async\" src=\"https:\/\/beonemedicines.ca\/fr\/wp-content\/themes\/beigene20\/assets\/img\/cutoutStar-icon.svg\" alt=\"Watermark\">\r\n                <\/div>\r\n                <div class=\"card-offset-box\">\r\n                    <div class=\"card-heading\">\r\n                                                \r\n                        <h1 class=\"anim fadeInUp\">Nos m\u00e9dicaments<\/h1>\r\n                    <\/div>\r\n                    <div class=\"card-bodycopy\">                        \r\n                                                                            <div class=\"anim fadeInUp\"><p class=\"p1\">BeOne Medicines, anciennement BeiGene, se consacre \u00e0 mettre au point et \u00e0 fournir des m\u00e9dicaments performants \u00e0 plus de patients dans le monde.<\/p>\n<\/div>\r\n                                                \r\n                    <\/div>\r\n\r\n                    \r\n                    \r\n                    \r\n                <\/div>\r\n            <\/div>\r\n\r\n            <div class=\"col-md-6 card-img-col\">\r\n                <div class=\"card-offset-img\">\r\n                    <img decoding=\"async\" src=\"https:\/\/beonemedicines.ca\/fr\/wp-content\/uploads\/sites\/4\/2025\/10\/AdobeStock_259896072-scaled-1.jpeg\" alt=\"\">\r\n                <\/div>\r\n            <\/div>\r\n            \t\t\t\t\t\r\n        <\/div>\r\n    <\/div>\r\n<\/section>\r\n<!-- Hero | Interior with image -->\n\n<style> #our-medicines.nav-tertiary-sec.custom-spacing { padding-bottom: 0px ; } <\/style><style> #our-medicines.nav-tertiary-sec.custom-spacing { margin-bottom: -30px ; } <\/style><style> #our-medicines.nav-tertiary-sec.custom-spacing { position:relative; z-index:3; } <\/style><!-- Copy block -->\r\n<section class=\"nav-tertiary-sec copy-block  custom-spacing  bg-white\" id='our-medicines'>\r\n    <div class=\"container\">\r\n        <div class=\"row\">\r\n            \r\n            <div class=\"col-md-8 col-lg-9\">\r\n                \r\n                <div class=\"main-container tab-container\">                    \r\n                                                <section class=\"section anim fadeInUp \">\r\n                            <!-- <section class=\"section anim fadeInUp \" > -->\r\n                                <div class=\"sec-header\">\r\n                                    <div class=\"sec-head\">\r\n                                                                                                                            <h2>Nos m\u00e9dicaments<\/h2>\r\n                                                                            <\/div>\r\n                                    <div class=\"sec-body\">\r\n                                                                                    \r\n                                            <div><p class=\"p1\"><em>Les produits pr\u00e9sent\u00e9s ici peuvent ne pas \u00eatre offerts dans tous les pays ou toutes les r\u00e9gions. Veuillez consulter le site Web de votre pays pour conna\u00eetre les produits disponibles chez vous.<\/em><\/p>\n<\/div>\r\n                                                                            <\/div>\r\n                                    \r\n                                                                             <!-- <style>\r\n                                            .after-buttons {\r\n                                                display: flex; gap: 30px;\r\n                                             }\r\n\r\n                                            .after-buttons a {\r\n                                                flex: ;\r\n                                            }\r\n                                         <\/style> -->\r\n                                                                             <style>\r\n                                            .after-buttons {\r\n                                                display: flex; gap: 30px; flex-wrap: wrap;\r\n                                            }\r\n\r\n                                            .after-buttons a {\r\n                                                flex: 0 1 auto;\r\n                                            }\r\n\r\n                                            .after-buttons.multiple > div {\r\n                                                flex: 0 1 calc(50% - 30px);\r\n                                            }\r\n                                        <\/style>\r\n                                     \r\n                                    \r\n                                    <div class=\"after-buttons \">\r\n                                                                            <\/div>\r\n                                <\/div>\t\r\n                            <\/section>\r\n                                    <\/div>\r\n                \r\n            <\/div>\r\n            <div class=\"col-md-4 col-lg-3\">\r\n                \r\n            <\/div> \r\n        <\/div>\r\n    <\/div>\r\n<\/section>\r\n<!-- Copy block -->\r\n\n\n<!-- Normal Card Set Portrait Explicit -->\r\n<style>\r\n    .normal-card-set-portrait-explicit.card-portrait-explicit .card-set-box .card-image img {\r\n        object-fit: contain;\r\n    }\r\n<\/style>\r\n<section class=\"card-set card-portrait-explicit two_column  normal-card-set-portrait-explicit\">\r\n    <div class=\"container\">\r\n        <div class=\"sec-header\">\r\n            <div class=\"sec-head\">\r\n                                <h2 class=\"anim fadeInUp\"><\/h2>\r\n            <\/div>\r\n                        \r\n        <\/div>\r\n\r\n                    <div class=\"cardlist-inner-row row-gap-40 row-tm-60\">\r\n                                    <div class=\"card-set-box anim fadeInUp\">\r\n\r\n                        <div class=\"card-image\">\r\n                            <img decoding=\"async\" src=\"https:\/\/beonemedicines.ca\/fr\/wp-content\/uploads\/sites\/4\/2025\/12\/Brukinsa_Pr_Logo_80mg_TABLET_CAPSULE_CMYK_EN.jpg\" alt=\"\">\r\n                        <\/div>\r\n                        <div class=\"card-body\">\r\n                            <div class=\"card-b-title\">\r\n                                <h4>Brukinsa<\/h4>\r\n                            <\/div>\r\n                                                             <div class=\"card-desc\"><p class=\"p1\">(zanubrutinib)<\/p>\n<p><a class=\"no-popup\" href=\"\/fr\/wp-content\/uploads\/sites\/4\/2025\/12\/CIU-BRUKINSA-ZANU-CA-ORAL-PM-PMI-FR-Tabs.pdf\" target=\"_blank\" rel=\"noopener\">Monographie de produit<\/a><br \/>\n<a class=\"no-popup\" href=\"\/fr\/wp-content\/uploads\/sites\/4\/2025\/10\/Information-for-Patients-French.pdf\" target=\"_blank\" rel=\"noopener\">Renseignements destin\u00e9s au patient<\/a><\/p>\n<\/div>\r\n                                                    <\/div>\r\n                                           <\/div>\r\n                                                        <div class=\"card-set-box anim fadeInUp\">\r\n\r\n                        <div class=\"card-image\">\r\n                            <img decoding=\"async\" src=\"https:\/\/beonemedicines.ca\/fr\/wp-content\/uploads\/sites\/4\/2026\/04\/TEVIMBRA_R_Horz_4C_FR_2025_2.jpg\" alt=\"\">\r\n                        <\/div>\r\n                        <div class=\"card-body\">\r\n                            <div class=\"card-b-title\">\r\n                                <h4>Tevimbra<\/h4>\r\n                            <\/div>\r\n                                                             <div class=\"card-desc\"><p>(tisl\u00e9lizumab)<\/p>\n<p><a class=\"no-popup\" href=\"https:\/\/beonemedicines.ca\/fr\/wp-content\/uploads\/pdfs\/Tevimbra_PM_French.pdf\" target=\"_blank\" rel=\"noopener\">Monographie de produit<\/a><br \/>\n<a class=\"no-popup\" href=\"https:\/\/beonemedicines.ca\/fr\/wp-content\/uploads\/sites\/4\/2026\/04\/3-Patient-Caregiver-Guide-FR-26102_TEV_PatientAlertGuideFR_REL_C00_00_DIGITAL.pdf\" target=\"_blank\" rel=\"noopener\">Renseignements pour les patients :<br \/>\nGuide du patient\/soignant<\/a><br \/>\n<a class=\"no-popup\" href=\"https:\/\/beonemedicines.ca\/fr\/wp-content\/uploads\/sites\/4\/2026\/04\/4-Patient-Medication-Information-FR-26099c_TEV_PATIENT-MEDICATION-INFORMATION-FR_REL_C00_05_DIGITAL.pdf\" target=\"_blank\" rel=\"noopener\">Renseignements destin\u00e9s aux patient\u00b7e\u00b7s<\/a><\/p>\n<\/div>\r\n                                                    <\/div>\r\n                                           <\/div>\r\n                                     \r\n            <\/div>\r\n                \r\n    <\/div>\r\n<\/section>\r\n<!-- Normal Card Set Portrait Explicit -->\n\n<style> #information-on-brukinsa.nav-tertiary-sec.custom-spacing { padding-top: 0px ; } <\/style><style> #information-on-brukinsa.nav-tertiary-sec.custom-spacing { position:relative; z-index:3; } <\/style><!-- Copy block -->\r\n<section class=\"nav-tertiary-sec copy-block  custom-spacing  bg-white\" id='information-on-brukinsa'>\r\n    <div class=\"container\">\r\n        <div class=\"row\">\r\n            \r\n            <div class=\"col-md-8 col-lg-9\">\r\n                \r\n                <div class=\"main-container tab-container\">                    \r\n                                                <section class=\"section anim fadeInUp \">\r\n                            <!-- <section class=\"section anim fadeInUp \" > -->\r\n                                <div class=\"sec-header\">\r\n                                    <div class=\"sec-head\">\r\n                                                                                                                            <h2>Renseignements sur Brukinsa\u00ae<\/h2>\r\n                                                                            <\/div>\r\n                                    <div class=\"sec-body\">\r\n                                                                                    \r\n                                            <div><p class=\"p1\">Pour obtenir les renseignements sur BRUKINSA\u00ae \u00e0 l\u2019intention des patients et des professionnels de la sant\u00e9, rendez-vous au <a href=\"https:\/\/brukinsa.ca\/fr\/\" target=\"_blank\" rel=\"noopener\"><span class=\"s1\">https:\/\/brukinsa.ca\/fr\/<\/span><\/a>.<\/p>\n<p class=\"p1\">BRUKINSA\u00ae est accessible \u00e0 toutes les pharmacies du Canada. Les pharmacies qui souhaitent commander ce produit peuvent le faire aupr\u00e8s de l\u2019un des grossistes\u00a0suivants\u00a0:<\/p>\n<p class=\"p1\"><b>Centre des commandes de Sentrex :<br \/>\n<\/b>Courriel\u00a0: <a href=\"mailto:orders@sentrex.com\"><span class=\"s1\">orders@sentrex.com<\/span><\/a><br \/>\nT\u00e9l\u00e9copieur\u00a0: 1-833-736-8739<br \/>\nT\u00e9l\u00e9phone\u00a0: 1-888-207-4618, du lundi au vendredi, de 8\u00a0h \u00e0 20\u00a0h (HE)<\/p>\n<p class=\"p1\"><b>Centre des commandes d\u2019Innomar\u00a0:<\/b><br \/>\nCourriel\u00a0: <a href=\"mailto:specialtylogistics@innomar-strategies.com\"><span class=\"s1\">specialtylogistics@innomar-strategies.com<\/span><\/a><br \/>\nT\u00e9l\u00e9phone\u00a0: 1-866-949-9927, du lundi au vendredi, de 8\u00a0h \u00e0 20\u00a0h (HE)<\/p>\n<\/div>\r\n                                                                            <\/div>\r\n                                    \r\n                                                                             <!-- <style>\r\n                                            .after-buttons {\r\n                                                display: flex; gap: 30px;\r\n                                             }\r\n\r\n                                            .after-buttons a {\r\n                                                flex: ;\r\n                                            }\r\n                                         <\/style> -->\r\n                                                                             <style>\r\n                                            .after-buttons {\r\n                                                display: flex; gap: 30px; flex-wrap: wrap;\r\n                                            }\r\n\r\n                                            .after-buttons a {\r\n                                                flex: 0 1 auto;\r\n                                            }\r\n\r\n                                            .after-buttons.multiple > div {\r\n                                                flex: 0 1 calc(50% - 30px);\r\n                                            }\r\n                                        <\/style>\r\n                                     \r\n                                    \r\n                                    <div class=\"after-buttons \">\r\n                                                                            <\/div>\r\n                                <\/div>\t\r\n                            <\/section>\r\n                                                <section class=\"section anim fadeInUp \">\r\n                            <!-- <section class=\"section anim fadeInUp \" > -->\r\n                                <div class=\"sec-header\">\r\n                                    <div class=\"sec-head\">\r\n                                                                                                                            <h2>Renseignements sur TEVIMBRA\u00ae<\/h2>\r\n                                                                            <\/div>\r\n                                    <div class=\"sec-body\">\r\n                                                                                    \r\n                                            <div><p>L\u2019utilisation de TEVIMBRA\u00ae (tisl\u00e9lizumab) est approuv\u00e9e au Canada :<br aria-hidden=\"true\" \/>Pour toute demande d\u2019information m\u00e9dicale, veuillez visiter le centre mondial de ressources d\u2019information m\u00e9dicale de BeOne \u00e0 l\u2019adresse suivante : <a href=\"http:\/\/beonemedinfo.com\" target=\"_blank\" rel=\"noopener\"><span draggable=\"true\">beonemedinfo.com<\/span><\/a>.<\/p>\n<\/div>\r\n                                                                            <\/div>\r\n                                    \r\n                                                                             <!-- <style>\r\n                                            .after-buttons {\r\n                                                display: flex; gap: 30px;\r\n                                             }\r\n\r\n                                            .after-buttons a {\r\n                                                flex: ;\r\n                                            }\r\n                                         <\/style> -->\r\n                                                                             <style>\r\n                                            .after-buttons {\r\n                                                display: flex; gap: 30px; flex-wrap: wrap;\r\n                                            }\r\n\r\n                                            .after-buttons a {\r\n                                                flex: 0 1 auto;\r\n                                            }\r\n\r\n                                            .after-buttons.multiple > div {\r\n                                                flex: 0 1 calc(50% - 30px);\r\n                                            }\r\n                                        <\/style>\r\n                                     \r\n                                    \r\n                                    <div class=\"after-buttons \">\r\n                                                                            <\/div>\r\n                                <\/div>\t\r\n                            <\/section>\r\n                                    <\/div>\r\n                \r\n            <\/div>\r\n            <div class=\"col-md-4 col-lg-3\">\r\n                \r\n            <\/div> \r\n        <\/div>\r\n    <\/div>\r\n<\/section>\r\n<!-- Copy block -->\r\n","protected":false},"excerpt":{"rendered":"","protected":false},"author":1,"featured_media":0,"parent":7143,"menu_order":0,"comment_status":"closed","ping_status":"closed","template":"","meta":{"_acf_changed":false,"footnotes":""},"class_list":["post-24032","page","type-page","status-publish","hentry"],"acf":[],"yoast_head":"<!-- This site is optimized with the Yoast SEO plugin v27.5 - https:\/\/yoast.com\/product\/yoast-seo-wordpress\/ -->\n<title>Nos m\u00e9dicaments - BeOne Medicines FR<\/title>\n<meta name=\"robots\" content=\"index, follow, max-snippet:-1, max-image-preview:large, max-video-preview:-1\" \/>\n<link rel=\"canonical\" href=\"https:\/\/beonemedicines.ca\/fr\/science\/nos-medicaments\/\" \/>\n<meta property=\"og:locale\" content=\"en_US\" \/>\n<meta property=\"og:type\" content=\"article\" \/>\n<meta property=\"og:title\" content=\"Nos m\u00e9dicaments - BeOne Medicines FR\" \/>\n<meta property=\"og:url\" content=\"https:\/\/beonemedicines.ca\/fr\/science\/nos-medicaments\/\" \/>\n<meta property=\"og:site_name\" content=\"BeOne Medicines FR\" \/>\n<meta property=\"article:modified_time\" content=\"2026-04-24T15:00:18+00:00\" \/>\n<meta name=\"twitter:card\" content=\"summary_large_image\" \/>\n<script type=\"application\/ld+json\" class=\"yoast-schema-graph\">{\"@context\":\"https:\\\/\\\/schema.org\",\"@graph\":[{\"@type\":\"WebPage\",\"@id\":\"https:\\\/\\\/beonemedicines.ca\\\/fr\\\/science\\\/nos-medicaments\\\/\",\"url\":\"https:\\\/\\\/beonemedicines.ca\\\/fr\\\/science\\\/nos-medicaments\\\/\",\"name\":\"Nos m\u00e9dicaments - BeOne Medicines FR\",\"isPartOf\":{\"@id\":\"https:\\\/\\\/beonemedicines.ca\\\/fr\\\/#website\"},\"datePublished\":\"2025-10-10T03:31:20+00:00\",\"dateModified\":\"2026-04-24T15:00:18+00:00\",\"breadcrumb\":{\"@id\":\"https:\\\/\\\/beonemedicines.ca\\\/fr\\\/science\\\/nos-medicaments\\\/#breadcrumb\"},\"inLanguage\":\"en-US\",\"potentialAction\":[{\"@type\":\"ReadAction\",\"target\":[\"https:\\\/\\\/beonemedicines.ca\\\/fr\\\/science\\\/nos-medicaments\\\/\"]}]},{\"@type\":\"BreadcrumbList\",\"@id\":\"https:\\\/\\\/beonemedicines.ca\\\/fr\\\/science\\\/nos-medicaments\\\/#breadcrumb\",\"itemListElement\":[{\"@type\":\"ListItem\",\"position\":1,\"name\":\"Home\",\"item\":\"https:\\\/\\\/beonemedicines.ca\\\/fr\\\/\"},{\"@type\":\"ListItem\",\"position\":2,\"name\":\"Science\",\"item\":\"https:\\\/\\\/beonemedicines.ca\\\/fr\\\/science\\\/\"},{\"@type\":\"ListItem\",\"position\":3,\"name\":\"Nos m\u00e9dicaments\"}]},{\"@type\":\"WebSite\",\"@id\":\"https:\\\/\\\/beonemedicines.ca\\\/fr\\\/#website\",\"url\":\"https:\\\/\\\/beonemedicines.ca\\\/fr\\\/\",\"name\":\"BeOne Medicines FR\",\"description\":\"\",\"potentialAction\":[{\"@type\":\"SearchAction\",\"target\":{\"@type\":\"EntryPoint\",\"urlTemplate\":\"https:\\\/\\\/beonemedicines.ca\\\/fr\\\/?s={search_term_string}\"},\"query-input\":{\"@type\":\"PropertyValueSpecification\",\"valueRequired\":true,\"valueName\":\"search_term_string\"}}],\"inLanguage\":\"en-US\"}]}<\/script>\n<!-- \/ Yoast SEO plugin. -->","yoast_head_json":{"title":"Nos m\u00e9dicaments - BeOne Medicines FR","robots":{"index":"index","follow":"follow","max-snippet":"max-snippet:-1","max-image-preview":"max-image-preview:large","max-video-preview":"max-video-preview:-1"},"canonical":"https:\/\/beonemedicines.ca\/fr\/science\/nos-medicaments\/","og_locale":"en_US","og_type":"article","og_title":"Nos m\u00e9dicaments - BeOne Medicines FR","og_url":"https:\/\/beonemedicines.ca\/fr\/science\/nos-medicaments\/","og_site_name":"BeOne Medicines FR","article_modified_time":"2026-04-24T15:00:18+00:00","twitter_card":"summary_large_image","schema":{"@context":"https:\/\/schema.org","@graph":[{"@type":"WebPage","@id":"https:\/\/beonemedicines.ca\/fr\/science\/nos-medicaments\/","url":"https:\/\/beonemedicines.ca\/fr\/science\/nos-medicaments\/","name":"Nos m\u00e9dicaments - BeOne Medicines FR","isPartOf":{"@id":"https:\/\/beonemedicines.ca\/fr\/#website"},"datePublished":"2025-10-10T03:31:20+00:00","dateModified":"2026-04-24T15:00:18+00:00","breadcrumb":{"@id":"https:\/\/beonemedicines.ca\/fr\/science\/nos-medicaments\/#breadcrumb"},"inLanguage":"en-US","potentialAction":[{"@type":"ReadAction","target":["https:\/\/beonemedicines.ca\/fr\/science\/nos-medicaments\/"]}]},{"@type":"BreadcrumbList","@id":"https:\/\/beonemedicines.ca\/fr\/science\/nos-medicaments\/#breadcrumb","itemListElement":[{"@type":"ListItem","position":1,"name":"Home","item":"https:\/\/beonemedicines.ca\/fr\/"},{"@type":"ListItem","position":2,"name":"Science","item":"https:\/\/beonemedicines.ca\/fr\/science\/"},{"@type":"ListItem","position":3,"name":"Nos m\u00e9dicaments"}]},{"@type":"WebSite","@id":"https:\/\/beonemedicines.ca\/fr\/#website","url":"https:\/\/beonemedicines.ca\/fr\/","name":"BeOne Medicines FR","description":"","potentialAction":[{"@type":"SearchAction","target":{"@type":"EntryPoint","urlTemplate":"https:\/\/beonemedicines.ca\/fr\/?s={search_term_string}"},"query-input":{"@type":"PropertyValueSpecification","valueRequired":true,"valueName":"search_term_string"}}],"inLanguage":"en-US"}]}},"_links":{"self":[{"href":"https:\/\/beonemedicines.ca\/fr\/wp-json\/wp\/v2\/pages\/24032","targetHints":{"allow":["GET"]}}],"collection":[{"href":"https:\/\/beonemedicines.ca\/fr\/wp-json\/wp\/v2\/pages"}],"about":[{"href":"https:\/\/beonemedicines.ca\/fr\/wp-json\/wp\/v2\/types\/page"}],"author":[{"embeddable":true,"href":"https:\/\/beonemedicines.ca\/fr\/wp-json\/wp\/v2\/users\/1"}],"replies":[{"embeddable":true,"href":"https:\/\/beonemedicines.ca\/fr\/wp-json\/wp\/v2\/comments?post=24032"}],"version-history":[{"count":16,"href":"https:\/\/beonemedicines.ca\/fr\/wp-json\/wp\/v2\/pages\/24032\/revisions"}],"predecessor-version":[{"id":24285,"href":"https:\/\/beonemedicines.ca\/fr\/wp-json\/wp\/v2\/pages\/24032\/revisions\/24285"}],"up":[{"embeddable":true,"href":"https:\/\/beonemedicines.ca\/fr\/wp-json\/wp\/v2\/pages\/7143"}],"wp:attachment":[{"href":"https:\/\/beonemedicines.ca\/fr\/wp-json\/wp\/v2\/media?parent=24032"}],"curies":[{"name":"wp","href":"https:\/\/api.w.org\/{rel}","templated":true}]}}