{"id":24028,"date":"2025-10-10T03:28:23","date_gmt":"2025-10-10T03:28:23","guid":{"rendered":"https:\/\/beonemedicines.ca\/fr\/?page_id=24028"},"modified":"2025-10-10T12:58:15","modified_gmt":"2025-10-10T12:58:15","slug":"cancer-et-sante-mentale","status":"publish","type":"page","link":"https:\/\/beonemedicines.ca\/fr\/patients\/cancer-et-sante-mentale\/","title":{"rendered":"Cancer et sant\u00e9 mentale"},"content":{"rendered":"<!-- Hero \/ Interior no image -->\r\n<section class=\"hero-interior-noimg-sec bg-primary-cerulean overflow-x-clip \">\r\n    <div class=\"card-offset-watermark watermark-rightbotttom\">\r\n        <img decoding=\"async\" src=\"https:\/\/beonemedicines.ca\/fr\/wp-content\/themes\/beigene20\/assets\/img\/cutoutStar-icon.svg\" alt=\"Watermark\">\r\n    <\/div>\r\n    <div class=\"container\">\r\n        <div class=\"sec-header\">\r\n            <div class=\"sec-head\">\r\n                \r\n                <h1 class=\"anim fadeInUp\">Cancer et sant\u00e9 mentale<\/h1>\r\n            <\/div>\r\n            <div class=\"sec-body\">\r\n                                            <\/div>\r\n                    <\/div>\r\n    <\/div>\r\n<\/section>\r\n<!-- Hero \/ Interior no image -->\r\n\r\n\n\n<!-- Copy block -->\r\n<section class=\"nav-tertiary-sec copy-block  bg-white\" >\r\n    <div class=\"container\">\r\n        <div class=\"row\">\r\n            \r\n            <div class=\"col-md-8 col-lg-9\">\r\n                \r\n                <div class=\"main-container tab-container\">                    \r\n                                                <section class=\"section anim fadeInUp \">\r\n                            <!-- <section class=\"section anim fadeInUp \" > -->\r\n                                <div class=\"sec-header\">\r\n                                    <div class=\"sec-head\">\r\n                                                                                                                            <h2>Nous croyons en l\u2019importance de donner la priorit\u00e9 au patient<\/h2>\r\n                                                                            <\/div>\r\n                                    <div class=\"sec-body\">\r\n                                                                                    \r\n                                            <div><p class=\"p1\">Les r\u00e9percussions du cancer ne se limitent pas \u00e0 l\u2019aspect biologique de la maladie. La sant\u00e9 physique et le bien-\u00eatre \u00e9motionnel sont indissociables. L&#8217;annonce d&#8217;un diagnostic de cancer et l\u2019incertitude qu\u2019il apporte ont de lourdes cons\u00e9quences pour les patients, mais aussi pour leur famille et leurs partenaires de soins.<\/p>\n<p class=\"p1\">BeOne Medicines, anciennement BeiGene, entreprise d\u00e9termin\u00e9e \u00e0 donner la priorit\u00e9 aux patients, reconna\u00eet l\u2019importance d\u2019int\u00e9grer pleinement les enjeux de sant\u00e9 mentale et de bien-\u00eatre \u00e9motionnel aux soins du cancer. L\u2019anxi\u00e9t\u00e9, la d\u00e9pression, l\u2019isolement et la peur ne sont que quelques-unes des cons\u00e9quences qui affectent les patients et leurs proches dans leur parcours avec le cancer. C\u2019est pourquoi nous nous sommes associ\u00e9s \u00e0 un comit\u00e9 consultatif d\u2019experts en sant\u00e9 mentale, en oncologie, en d\u00e9fense des int\u00e9r\u00eats des patients et en science comportementale pour cr\u00e9er un programme appel\u00e9 <i>Talk About It: Cancer and Mental Health<\/i> (Parlons-en\u00a0: le cancer et la sant\u00e9 mentale). Ce programme offre des liens et des ressources aux personnes qui vivent avec le cancer, \u00e0 leur famille et \u00e0 leurs partenaires de soins, ainsi qu\u2019aux professionnels de la sant\u00e9. Son objectif est d\u2019aider les patients atteints de cancer et leurs proches \u00e0 se sentir \u00e9cout\u00e9s et \u00e0 relever les d\u00e9fis qu\u2019ils doivent affronter, qui vont bien au-del\u00e0 des aspects physiques de la maladie.<\/p>\n<p class=\"p1\"><b>Vous aimeriez nous faire part de votre exp\u00e9rience personnelle avec le cancer?<\/b> \u00c9crivez \u00e0 <a href=\"mailto:patientadvocacy@beonemed.com\"><span class=\"s1\">patientadvocacy@beonemed.com<\/span><\/a> pour en savoir plus.<\/p>\n<\/div>\r\n                                                                            <\/div>\r\n                                    \r\n                                        <div class=\"sec-buttons\">\r\n                                            <a href=\"https:\/\/cancerandmentalhealth.com\/\" target=\"_blank\" class=\"btn-default btn-primary btn-exLinks \">\r\n                                                <span>En savoir plus<\/span>\r\n                                            <\/a>\r\n\r\n                                            \r\n                                        <\/div>\r\n                                    \r\n                                                                             <!-- <style>\r\n                                            .after-buttons {\r\n                                                display: flex; gap: 30px;\r\n                                             }\r\n\r\n                                            .after-buttons a {\r\n                                                flex: ;\r\n                                            }\r\n                                         <\/style> -->\r\n                                                                             <style>\r\n                                            .after-buttons {\r\n                                                display: flex; gap: 30px; flex-wrap: wrap;\r\n                                            }\r\n\r\n                                            .after-buttons a {\r\n                                                flex: 0 1 auto;\r\n                                            }\r\n\r\n                                            .after-buttons.multiple > div {\r\n                                                flex: 0 1 calc(50% - 30px);\r\n                                            }\r\n                                        <\/style>\r\n                                     \r\n                                    \r\n                                    <div class=\"after-buttons \">\r\n                                                                            <\/div>\r\n                                <\/div>\t\r\n                            <\/section>\r\n                                    <\/div>\r\n                \r\n            <\/div>\r\n            <div class=\"col-md-4 col-lg-3\">\r\n                \r\n            <\/div> \r\n        <\/div>\r\n    <\/div>\r\n<\/section>\r\n<!-- Copy block -->\r\n","protected":false},"excerpt":{"rendered":"","protected":false},"author":1,"featured_media":0,"parent":7180,"menu_order":0,"comment_status":"closed","ping_status":"closed","template":"","meta":{"_acf_changed":false,"footnotes":""},"class_list":["post-24028","page","type-page","status-publish","hentry"],"acf":[],"yoast_head":"<!-- This site is optimized with the Yoast SEO plugin v27.5 - https:\/\/yoast.com\/product\/yoast-seo-wordpress\/ -->\n<title>Cancer et sant\u00e9 mentale - BeOne Medicines FR<\/title>\n<meta name=\"robots\" content=\"index, follow, max-snippet:-1, max-image-preview:large, max-video-preview:-1\" \/>\n<link rel=\"canonical\" href=\"https:\/\/beonemedicines.ca\/fr\/patients\/cancer-et-sante-mentale\/\" \/>\n<meta property=\"og:locale\" content=\"en_US\" \/>\n<meta property=\"og:type\" content=\"article\" \/>\n<meta property=\"og:title\" content=\"Cancer et sant\u00e9 mentale - BeOne Medicines FR\" \/>\n<meta property=\"og:url\" content=\"https:\/\/beonemedicines.ca\/fr\/patients\/cancer-et-sante-mentale\/\" \/>\n<meta property=\"og:site_name\" content=\"BeOne Medicines FR\" \/>\n<meta property=\"article:modified_time\" content=\"2025-10-10T12:58:15+00:00\" \/>\n<meta name=\"twitter:card\" content=\"summary_large_image\" \/>\n<script type=\"application\/ld+json\" class=\"yoast-schema-graph\">{\"@context\":\"https:\\\/\\\/schema.org\",\"@graph\":[{\"@type\":\"WebPage\",\"@id\":\"https:\\\/\\\/beonemedicines.ca\\\/fr\\\/patients\\\/cancer-et-sante-mentale\\\/\",\"url\":\"https:\\\/\\\/beonemedicines.ca\\\/fr\\\/patients\\\/cancer-et-sante-mentale\\\/\",\"name\":\"Cancer et sant\u00e9 mentale - BeOne Medicines FR\",\"isPartOf\":{\"@id\":\"https:\\\/\\\/beonemedicines.ca\\\/fr\\\/#website\"},\"datePublished\":\"2025-10-10T03:28:23+00:00\",\"dateModified\":\"2025-10-10T12:58:15+00:00\",\"breadcrumb\":{\"@id\":\"https:\\\/\\\/beonemedicines.ca\\\/fr\\\/patients\\\/cancer-et-sante-mentale\\\/#breadcrumb\"},\"inLanguage\":\"en-US\",\"potentialAction\":[{\"@type\":\"ReadAction\",\"target\":[\"https:\\\/\\\/beonemedicines.ca\\\/fr\\\/patients\\\/cancer-et-sante-mentale\\\/\"]}]},{\"@type\":\"BreadcrumbList\",\"@id\":\"https:\\\/\\\/beonemedicines.ca\\\/fr\\\/patients\\\/cancer-et-sante-mentale\\\/#breadcrumb\",\"itemListElement\":[{\"@type\":\"ListItem\",\"position\":1,\"name\":\"Home\",\"item\":\"https:\\\/\\\/beonemedicines.ca\\\/fr\\\/\"},{\"@type\":\"ListItem\",\"position\":2,\"name\":\"Patients\",\"item\":\"https:\\\/\\\/beonemedicines.ca\\\/fr\\\/patients\\\/\"},{\"@type\":\"ListItem\",\"position\":3,\"name\":\"Cancer et sant\u00e9 mentale\"}]},{\"@type\":\"WebSite\",\"@id\":\"https:\\\/\\\/beonemedicines.ca\\\/fr\\\/#website\",\"url\":\"https:\\\/\\\/beonemedicines.ca\\\/fr\\\/\",\"name\":\"BeOne Medicines FR\",\"description\":\"\",\"potentialAction\":[{\"@type\":\"SearchAction\",\"target\":{\"@type\":\"EntryPoint\",\"urlTemplate\":\"https:\\\/\\\/beonemedicines.ca\\\/fr\\\/?s={search_term_string}\"},\"query-input\":{\"@type\":\"PropertyValueSpecification\",\"valueRequired\":true,\"valueName\":\"search_term_string\"}}],\"inLanguage\":\"en-US\"}]}<\/script>\n<!-- \/ Yoast SEO plugin. -->","yoast_head_json":{"title":"Cancer et sant\u00e9 mentale - BeOne Medicines FR","robots":{"index":"index","follow":"follow","max-snippet":"max-snippet:-1","max-image-preview":"max-image-preview:large","max-video-preview":"max-video-preview:-1"},"canonical":"https:\/\/beonemedicines.ca\/fr\/patients\/cancer-et-sante-mentale\/","og_locale":"en_US","og_type":"article","og_title":"Cancer et sant\u00e9 mentale - BeOne Medicines FR","og_url":"https:\/\/beonemedicines.ca\/fr\/patients\/cancer-et-sante-mentale\/","og_site_name":"BeOne Medicines FR","article_modified_time":"2025-10-10T12:58:15+00:00","twitter_card":"summary_large_image","schema":{"@context":"https:\/\/schema.org","@graph":[{"@type":"WebPage","@id":"https:\/\/beonemedicines.ca\/fr\/patients\/cancer-et-sante-mentale\/","url":"https:\/\/beonemedicines.ca\/fr\/patients\/cancer-et-sante-mentale\/","name":"Cancer et sant\u00e9 mentale - BeOne Medicines FR","isPartOf":{"@id":"https:\/\/beonemedicines.ca\/fr\/#website"},"datePublished":"2025-10-10T03:28:23+00:00","dateModified":"2025-10-10T12:58:15+00:00","breadcrumb":{"@id":"https:\/\/beonemedicines.ca\/fr\/patients\/cancer-et-sante-mentale\/#breadcrumb"},"inLanguage":"en-US","potentialAction":[{"@type":"ReadAction","target":["https:\/\/beonemedicines.ca\/fr\/patients\/cancer-et-sante-mentale\/"]}]},{"@type":"BreadcrumbList","@id":"https:\/\/beonemedicines.ca\/fr\/patients\/cancer-et-sante-mentale\/#breadcrumb","itemListElement":[{"@type":"ListItem","position":1,"name":"Home","item":"https:\/\/beonemedicines.ca\/fr\/"},{"@type":"ListItem","position":2,"name":"Patients","item":"https:\/\/beonemedicines.ca\/fr\/patients\/"},{"@type":"ListItem","position":3,"name":"Cancer et sant\u00e9 mentale"}]},{"@type":"WebSite","@id":"https:\/\/beonemedicines.ca\/fr\/#website","url":"https:\/\/beonemedicines.ca\/fr\/","name":"BeOne Medicines FR","description":"","potentialAction":[{"@type":"SearchAction","target":{"@type":"EntryPoint","urlTemplate":"https:\/\/beonemedicines.ca\/fr\/?s={search_term_string}"},"query-input":{"@type":"PropertyValueSpecification","valueRequired":true,"valueName":"search_term_string"}}],"inLanguage":"en-US"}]}},"_links":{"self":[{"href":"https:\/\/beonemedicines.ca\/fr\/wp-json\/wp\/v2\/pages\/24028","targetHints":{"allow":["GET"]}}],"collection":[{"href":"https:\/\/beonemedicines.ca\/fr\/wp-json\/wp\/v2\/pages"}],"about":[{"href":"https:\/\/beonemedicines.ca\/fr\/wp-json\/wp\/v2\/types\/page"}],"author":[{"embeddable":true,"href":"https:\/\/beonemedicines.ca\/fr\/wp-json\/wp\/v2\/users\/1"}],"replies":[{"embeddable":true,"href":"https:\/\/beonemedicines.ca\/fr\/wp-json\/wp\/v2\/comments?post=24028"}],"version-history":[{"count":2,"href":"https:\/\/beonemedicines.ca\/fr\/wp-json\/wp\/v2\/pages\/24028\/revisions"}],"predecessor-version":[{"id":24065,"href":"https:\/\/beonemedicines.ca\/fr\/wp-json\/wp\/v2\/pages\/24028\/revisions\/24065"}],"up":[{"embeddable":true,"href":"https:\/\/beonemedicines.ca\/fr\/wp-json\/wp\/v2\/pages\/7180"}],"wp:attachment":[{"href":"https:\/\/beonemedicines.ca\/fr\/wp-json\/wp\/v2\/media?parent=24028"}],"curies":[{"name":"wp","href":"https:\/\/api.w.org\/{rel}","templated":true}]}}