{"id":24026,"date":"2025-10-10T03:27:49","date_gmt":"2025-10-10T03:27:49","guid":{"rendered":"https:\/\/beonemedicines.ca\/fr\/?page_id=24026"},"modified":"2025-10-14T13:31:35","modified_gmt":"2025-10-14T13:31:35","slug":"securite-des-patients-a-lechelle-mondiale","status":"publish","type":"page","link":"https:\/\/beonemedicines.ca\/fr\/patients\/securite-des-patients-a-lechelle-mondiale\/","title":{"rendered":"S\u00e9curit\u00e9 des patients \u00e0 l\u2019\u00e9chelle mondiale"},"content":{"rendered":"<!-- Hero \/ Interior no image -->\r\n<section class=\"hero-interior-noimg-sec bg-primary-cerulean overflow-x-clip \">\r\n    <div class=\"card-offset-watermark watermark-rightbotttom\">\r\n        <img decoding=\"async\" src=\"https:\/\/beonemedicines.ca\/fr\/wp-content\/themes\/beigene20\/assets\/img\/cutoutStar-icon.svg\" alt=\"Watermark\">\r\n    <\/div>\r\n    <div class=\"container\">\r\n        <div class=\"sec-header\">\r\n            <div class=\"sec-head\">\r\n                \r\n                <h1 class=\"anim fadeInUp\">Prot\u00e9ger les patients gr\u00e2ce \u00e0 la science : S\u00e9curit\u00e9 des patients \u00e0 l\u2019\u00e9chelle mondiale<\/h1>\r\n            <\/div>\r\n            <div class=\"sec-body\">\r\n                                                <div class=\"anim fadeInUp\">\r\n                    <p>Notre engagement pour la s\u00e9curit\u00e9 des patients se situe au c\u0153ur de notre mission : rendre accessibles \u00e0 plus de personnes dans le monde des traitements de la plus grande qualit\u00e9. Nous affirmons cet engagement par une surveillance, une analyse et une communication constantes des bienfaits et des risques li\u00e9s aux traitements actuels et \u00e9mergents.<\/p>\n                <\/div>\r\n                            <\/div>\r\n                    <\/div>\r\n    <\/div>\r\n<\/section>\r\n<!-- Hero \/ Interior no image -->\r\n\r\n\n\n<!-- Card | Horizontal Primary Image-left variant-->\r\n<style> .card-image-left .card-offset-img img { object-position: 50% middle; } <\/style>        <section class=\"card-horiz-primary card-image-left bg-white overflow-x-clip \">\r\n        <div class=\"container\">\r\n            <div class=\"row align-center justify-between \">\r\n                <div class=\"col-md-6 card-img-col \">\r\n                    <div class=\"card-offset-img anim fadeInUp\">\r\n                        <img decoding=\"async\" src=\"https:\/\/beonemedicines.ca\/fr\/wp-content\/uploads\/sites\/4\/2025\/04\/clinical-trials.png\" alt=\"\">\r\n                    <\/div>\r\n                <\/div>\r\n                <div class=\"col-md-6 col-lg-5 card-content-col \">\r\n                    <div class=\"card-offset-box\">\r\n                        <div class=\"card-heading\">\r\n                                                        <h2 class=\"anim fadeInUp\">Donner une voix aux patients <\/h2>                            \r\n                        <\/div>\r\n                                                <div class=\"card-bodycopy\">\r\n                                                                                        <div class=\"anim fadeInUp\">\r\n                                    <p>Nous avons \u00e0 c\u0153ur la s\u00e9curit\u00e9 de chaque patient. Gr\u00e2ce \u00e0 notre vaste r\u00e9seau mondial de s\u00e9curit\u00e9, nous encourageons activement les patients \u00e0 partager leur exp\u00e9rience, y compris toute manifestation ind\u00e9sirable. En nous faisant part de leurs pr\u00e9occupations, les patients nous aident grandement \u00e0 \u00e9valuer les effets secondaires potentiels d\u2019un produit et \u00e0 prendre des mesures pour prot\u00e9ger les autres patients.<\/p>\n<p>Nous travaillons en \u00e9troite collaboration avec des professionnels de la sant\u00e9. Leurs observations et leur expertise sont essentielles pour assurer une communication efficace sur les manifestations ind\u00e9sirables et l\u2019innocuit\u00e9 des m\u00e9dicaments aupr\u00e8s des patients. En cultivant ce partenariat, nous cr\u00e9ons un syst\u00e8me dans lequel les patients et les professionnels de la sant\u00e9 participent \u00e0 l\u2019utilisation s\u00fbre et efficace de nos m\u00e9dicaments, depuis les essais cliniques, jusqu\u2019\u00e0 leur utilisation sur ordonnance.<\/p>\n                                <\/div>\r\n                                                    <\/div>\r\n                        \r\n                         \r\n                        \r\n                    <\/div>\r\n                <\/div>\t\t\t\t\t\t\r\n            <\/div>\r\n        <\/div>\r\n    <\/section>\r\n    <!-- Card | Horizontal Primary Image-left variant-->\r\n\n\n<!-- Quote | section -->\r\n<section class=\"quote-sec card-image-right bg-tertiary-light overflow-x-clip  \">\r\n    <div class=\"card-offset-watermark watermark-leftbotttom\">\r\n        <img decoding=\"async\" src=\"https:\/\/beonemedicines.ca\/fr\/wp-content\/themes\/beigene20\/assets\/img\/cutoutStar-icon.svg\" alt=\"Watermark\">\r\n    <\/div>\r\n    <div class=\"container container-offset\">\r\n        <div class=\"row\">\r\n                        <div class=\"col-md-6 card-img-col\">\r\n                <div class=\"card-offset-img anim fadeInUp\">\r\n                    <img decoding=\"async\" src=\"https:\/\/beonemedicines.ca\/fr\/wp-content\/uploads\/sites\/4\/2025\/04\/Han-Ma-HS-744x558-1.jpg\" alt=\"\">\r\n                <\/div>\r\n            <\/div>\r\n                        <div class=\"col-md-6 card-content-col\">\r\n                <div class=\"quote-box anim fadeInUp\">\r\n                    <h3>\u201cChez BeOne Medicine, nous accordons la priorit\u00e9 au bien-\u00eatre des patients, de la phase de d\u00e9veloppement du produit jusqu\u2019\u00e0 la derni\u00e8re personne qui l\u2019utilise. Notre \u00e9quipe mondiale d\u00e9di\u00e9e \u00e0 la s\u00e9curit\u00e9 des patients s\u2019engage \u00e0 assurer une utilisation s\u00e9curitaire des m\u00e9dicaments tout au long de leur cycle de vie. Nous y parvenons gr\u00e2ce \u00e0 une collecte de donn\u00e9es continue et \u00e0 la production de rapports sur l\u2019innocuit\u00e9.\u201d<\/h3>\r\n\r\n                    <div class=\"quote-body\">\r\n                                                    <h6 class=\"eyebrow\">Han Ma, M.D., Ph.D.<\/h6>\r\n                                                                         <p>Responsable, S\u00e9curit\u00e9 et vice-pr\u00e9sident principal, S\u00e9curit\u00e9 des patients \u00e0 l\u2019\u00e9chelle mondiale<\/p>\r\n                                            <\/div>\r\n                <\/div>\r\n            <\/div>\r\n        <\/div>\r\n    <\/div>\r\n<\/section>\r\n<!-- Quote | section -->\n\n<!-- Quote | section -->\r\n<section class=\"quote-sec card-image-right bg-tertiary-light overflow-x-clip no-image \">\r\n    <div class=\"card-offset-watermark watermark-leftbotttom\">\r\n        <img decoding=\"async\" src=\"https:\/\/beonemedicines.ca\/fr\/wp-content\/themes\/beigene20\/assets\/img\/cutoutStar-icon.svg\" alt=\"Watermark\">\r\n    <\/div>\r\n    <div class=\"container container-offset\">\r\n        <div class=\"row\">\r\n                        <div class=\"col-md-6 card-content-col\">\r\n                <div class=\"quote-box anim fadeInUp\">\r\n                    <h2>Signalement des manifestations ind\u00e9sirables<\/h2>\r\n\r\n                    <div class=\"quote-body\">\r\n                         <p>Nous avons tous la responsabilit\u00e9 de signaler les manifestations ind\u00e9sirables qui surviennent avec nos produits, afin qu\u2019elles puissent \u00eatre examin\u00e9es, que des mesures soient prises et que les informations appropri\u00e9es soient diffus\u00e9es.<\/p>\n<p>Pour signaler une manifestation ou un effet ind\u00e9sirable, adressez-vous \u00e0 votre prestataire de soins de sant\u00e9 et <a href=\"https:\/\/beonemedicines.com\/contact-us\/report-adverse-event\/fr\/\" target=\"_blank\" rel=\"noopener\">communiquez avec nous ici<\/a>.<\/p>\n                    <\/div>\r\n                <\/div>\r\n            <\/div>\r\n        <\/div>\r\n    <\/div>\r\n<\/section>\r\n<!-- Quote | section -->\n\n<!-- Copy block -->\r\n<section class=\"nav-tertiary-sec copy-block  bg-white\" >\r\n    <div class=\"container\">\r\n        <div class=\"row\">\r\n            \r\n            <div class=\"col-md-8 col-lg-9\">\r\n                \r\n                <div class=\"main-container tab-container\">                    \r\n                                                <section class=\"section anim fadeInUp \">\r\n                            <!-- <section class=\"section anim fadeInUp \" > -->\r\n                                <div class=\"sec-header\">\r\n                                    <div class=\"sec-head\">\r\n                                                                                                                    <\/div>\r\n                                    <div class=\"sec-body\">\r\n                                                                                    \r\n                                            <div><p>Apprenez-en plus sur la s\u00e9curit\u00e9 des patients <a href=\"https:\/\/beonemedicines.com\/patients\/global-patient-safety\/\" target=\"_blank\" rel=\"noopener\">ici<\/a>.<\/p>\n<\/div>\r\n                                                                            <\/div>\r\n                                    \r\n                                                                             <!-- <style>\r\n                                            .after-buttons {\r\n                                                display: flex; gap: 30px;\r\n                                             }\r\n\r\n                                            .after-buttons a {\r\n                                                flex: ;\r\n                                            }\r\n                                         <\/style> -->\r\n                                                                             <style>\r\n                                            .after-buttons {\r\n                                                display: flex; gap: 30px; flex-wrap: wrap;\r\n                                            }\r\n\r\n                                            .after-buttons a {\r\n                                                flex: 0 1 auto;\r\n                                            }\r\n\r\n                                            .after-buttons.multiple > div {\r\n                                                flex: 0 1 calc(50% - 30px);\r\n                                            }\r\n                                        <\/style>\r\n                                     \r\n                                    \r\n                                    <div class=\"after-buttons \">\r\n                                                                            <\/div>\r\n                                <\/div>\t\r\n                            <\/section>\r\n                                    <\/div>\r\n                \r\n            <\/div>\r\n            <div class=\"col-md-4 col-lg-3\">\r\n                \r\n            <\/div> \r\n        <\/div>\r\n    <\/div>\r\n<\/section>\r\n<!-- Copy block -->\r\n","protected":false},"excerpt":{"rendered":"","protected":false},"author":1,"featured_media":0,"parent":7180,"menu_order":0,"comment_status":"closed","ping_status":"closed","template":"","meta":{"_acf_changed":false,"footnotes":""},"class_list":["post-24026","page","type-page","status-publish","hentry"],"acf":[],"yoast_head":"<!-- This site is optimized with the Yoast SEO plugin v27.5 - https:\/\/yoast.com\/product\/yoast-seo-wordpress\/ -->\n<title>S\u00e9curit\u00e9 des patients \u00e0 l\u2019\u00e9chelle mondiale - BeOne Medicines FR<\/title>\n<meta name=\"robots\" content=\"index, follow, max-snippet:-1, max-image-preview:large, max-video-preview:-1\" \/>\n<link rel=\"canonical\" href=\"https:\/\/beonemedicines.ca\/fr\/patients\/securite-des-patients-a-lechelle-mondiale\/\" \/>\n<meta property=\"og:locale\" content=\"en_US\" \/>\n<meta property=\"og:type\" content=\"article\" \/>\n<meta property=\"og:title\" content=\"S\u00e9curit\u00e9 des patients \u00e0 l\u2019\u00e9chelle mondiale - BeOne Medicines FR\" \/>\n<meta property=\"og:url\" content=\"https:\/\/beonemedicines.ca\/fr\/patients\/securite-des-patients-a-lechelle-mondiale\/\" \/>\n<meta property=\"og:site_name\" content=\"BeOne Medicines FR\" \/>\n<meta property=\"article:modified_time\" content=\"2025-10-14T13:31:35+00:00\" \/>\n<meta name=\"twitter:card\" content=\"summary_large_image\" \/>\n<script type=\"application\/ld+json\" class=\"yoast-schema-graph\">{\"@context\":\"https:\\\/\\\/schema.org\",\"@graph\":[{\"@type\":\"WebPage\",\"@id\":\"https:\\\/\\\/beonemedicines.ca\\\/fr\\\/patients\\\/securite-des-patients-a-lechelle-mondiale\\\/\",\"url\":\"https:\\\/\\\/beonemedicines.ca\\\/fr\\\/patients\\\/securite-des-patients-a-lechelle-mondiale\\\/\",\"name\":\"S\u00e9curit\u00e9 des patients \u00e0 l\u2019\u00e9chelle mondiale - BeOne Medicines FR\",\"isPartOf\":{\"@id\":\"https:\\\/\\\/beonemedicines.ca\\\/fr\\\/#website\"},\"datePublished\":\"2025-10-10T03:27:49+00:00\",\"dateModified\":\"2025-10-14T13:31:35+00:00\",\"breadcrumb\":{\"@id\":\"https:\\\/\\\/beonemedicines.ca\\\/fr\\\/patients\\\/securite-des-patients-a-lechelle-mondiale\\\/#breadcrumb\"},\"inLanguage\":\"en-US\",\"potentialAction\":[{\"@type\":\"ReadAction\",\"target\":[\"https:\\\/\\\/beonemedicines.ca\\\/fr\\\/patients\\\/securite-des-patients-a-lechelle-mondiale\\\/\"]}]},{\"@type\":\"BreadcrumbList\",\"@id\":\"https:\\\/\\\/beonemedicines.ca\\\/fr\\\/patients\\\/securite-des-patients-a-lechelle-mondiale\\\/#breadcrumb\",\"itemListElement\":[{\"@type\":\"ListItem\",\"position\":1,\"name\":\"Home\",\"item\":\"https:\\\/\\\/beonemedicines.ca\\\/fr\\\/\"},{\"@type\":\"ListItem\",\"position\":2,\"name\":\"Patients\",\"item\":\"https:\\\/\\\/beonemedicines.ca\\\/fr\\\/patients\\\/\"},{\"@type\":\"ListItem\",\"position\":3,\"name\":\"S\u00e9curit\u00e9 des patients \u00e0 l\u2019\u00e9chelle mondiale\"}]},{\"@type\":\"WebSite\",\"@id\":\"https:\\\/\\\/beonemedicines.ca\\\/fr\\\/#website\",\"url\":\"https:\\\/\\\/beonemedicines.ca\\\/fr\\\/\",\"name\":\"BeOne Medicines FR\",\"description\":\"\",\"potentialAction\":[{\"@type\":\"SearchAction\",\"target\":{\"@type\":\"EntryPoint\",\"urlTemplate\":\"https:\\\/\\\/beonemedicines.ca\\\/fr\\\/?s={search_term_string}\"},\"query-input\":{\"@type\":\"PropertyValueSpecification\",\"valueRequired\":true,\"valueName\":\"search_term_string\"}}],\"inLanguage\":\"en-US\"}]}<\/script>\n<!-- \/ Yoast SEO plugin. -->","yoast_head_json":{"title":"S\u00e9curit\u00e9 des patients \u00e0 l\u2019\u00e9chelle mondiale - BeOne Medicines FR","robots":{"index":"index","follow":"follow","max-snippet":"max-snippet:-1","max-image-preview":"max-image-preview:large","max-video-preview":"max-video-preview:-1"},"canonical":"https:\/\/beonemedicines.ca\/fr\/patients\/securite-des-patients-a-lechelle-mondiale\/","og_locale":"en_US","og_type":"article","og_title":"S\u00e9curit\u00e9 des patients \u00e0 l\u2019\u00e9chelle mondiale - BeOne Medicines FR","og_url":"https:\/\/beonemedicines.ca\/fr\/patients\/securite-des-patients-a-lechelle-mondiale\/","og_site_name":"BeOne Medicines FR","article_modified_time":"2025-10-14T13:31:35+00:00","twitter_card":"summary_large_image","schema":{"@context":"https:\/\/schema.org","@graph":[{"@type":"WebPage","@id":"https:\/\/beonemedicines.ca\/fr\/patients\/securite-des-patients-a-lechelle-mondiale\/","url":"https:\/\/beonemedicines.ca\/fr\/patients\/securite-des-patients-a-lechelle-mondiale\/","name":"S\u00e9curit\u00e9 des patients \u00e0 l\u2019\u00e9chelle mondiale - BeOne Medicines FR","isPartOf":{"@id":"https:\/\/beonemedicines.ca\/fr\/#website"},"datePublished":"2025-10-10T03:27:49+00:00","dateModified":"2025-10-14T13:31:35+00:00","breadcrumb":{"@id":"https:\/\/beonemedicines.ca\/fr\/patients\/securite-des-patients-a-lechelle-mondiale\/#breadcrumb"},"inLanguage":"en-US","potentialAction":[{"@type":"ReadAction","target":["https:\/\/beonemedicines.ca\/fr\/patients\/securite-des-patients-a-lechelle-mondiale\/"]}]},{"@type":"BreadcrumbList","@id":"https:\/\/beonemedicines.ca\/fr\/patients\/securite-des-patients-a-lechelle-mondiale\/#breadcrumb","itemListElement":[{"@type":"ListItem","position":1,"name":"Home","item":"https:\/\/beonemedicines.ca\/fr\/"},{"@type":"ListItem","position":2,"name":"Patients","item":"https:\/\/beonemedicines.ca\/fr\/patients\/"},{"@type":"ListItem","position":3,"name":"S\u00e9curit\u00e9 des patients \u00e0 l\u2019\u00e9chelle mondiale"}]},{"@type":"WebSite","@id":"https:\/\/beonemedicines.ca\/fr\/#website","url":"https:\/\/beonemedicines.ca\/fr\/","name":"BeOne Medicines FR","description":"","potentialAction":[{"@type":"SearchAction","target":{"@type":"EntryPoint","urlTemplate":"https:\/\/beonemedicines.ca\/fr\/?s={search_term_string}"},"query-input":{"@type":"PropertyValueSpecification","valueRequired":true,"valueName":"search_term_string"}}],"inLanguage":"en-US"}]}},"_links":{"self":[{"href":"https:\/\/beonemedicines.ca\/fr\/wp-json\/wp\/v2\/pages\/24026","targetHints":{"allow":["GET"]}}],"collection":[{"href":"https:\/\/beonemedicines.ca\/fr\/wp-json\/wp\/v2\/pages"}],"about":[{"href":"https:\/\/beonemedicines.ca\/fr\/wp-json\/wp\/v2\/types\/page"}],"author":[{"embeddable":true,"href":"https:\/\/beonemedicines.ca\/fr\/wp-json\/wp\/v2\/users\/1"}],"replies":[{"embeddable":true,"href":"https:\/\/beonemedicines.ca\/fr\/wp-json\/wp\/v2\/comments?post=24026"}],"version-history":[{"count":5,"href":"https:\/\/beonemedicines.ca\/fr\/wp-json\/wp\/v2\/pages\/24026\/revisions"}],"predecessor-version":[{"id":24122,"href":"https:\/\/beonemedicines.ca\/fr\/wp-json\/wp\/v2\/pages\/24026\/revisions\/24122"}],"up":[{"embeddable":true,"href":"https:\/\/beonemedicines.ca\/fr\/wp-json\/wp\/v2\/pages\/7180"}],"wp:attachment":[{"href":"https:\/\/beonemedicines.ca\/fr\/wp-json\/wp\/v2\/media?parent=24026"}],"curies":[{"name":"wp","href":"https:\/\/api.w.org\/{rel}","templated":true}]}}