{"id":24024,"date":"2025-10-10T03:26:27","date_gmt":"2025-10-10T03:26:27","guid":{"rendered":"https:\/\/beonemedicines.ca\/fr\/?page_id=24024"},"modified":"2026-01-05T19:07:42","modified_gmt":"2026-01-05T19:07:42","slug":"culture","status":"publish","type":"page","link":"https:\/\/beonemedicines.ca\/fr\/carrieres\/culture\/","title":{"rendered":"Notre culture"},"content":{"rendered":"<!-- Hero \/ Interior no image -->\r\n<section class=\"hero-interior-noimg-sec bg-primary-cerulean overflow-x-clip \">\r\n    <div class=\"card-offset-watermark watermark-rightbotttom\">\r\n        <img decoding=\"async\" src=\"https:\/\/beonemedicines.ca\/fr\/wp-content\/themes\/beigene20\/assets\/img\/cutoutStar-icon.svg\" alt=\"Watermark\">\r\n    <\/div>\r\n    <div class=\"container\">\r\n        <div class=\"sec-header\">\r\n            <div class=\"sec-head\">\r\n                \r\n                <h1 class=\"anim fadeInUp\">Notre culture<\/h1>\r\n            <\/div>\r\n            <div class=\"sec-body\">\r\n                                            <\/div>\r\n                    <\/div>\r\n    <\/div>\r\n<\/section>\r\n<!-- Hero \/ Interior no image -->\r\n\r\n\n\n<!-- Quote | section -->\r\n<section class=\"quote-sec card-image-right bg-tertiary-light overflow-x-clip no-image \">\r\n    <div class=\"card-offset-watermark watermark-leftbotttom\">\r\n        <img decoding=\"async\" src=\"https:\/\/beonemedicines.ca\/fr\/wp-content\/themes\/beigene20\/assets\/img\/cutoutStar-icon.svg\" alt=\"Watermark\">\r\n    <\/div>\r\n    <div class=\"container container-offset\">\r\n        <div class=\"row\">\r\n                        <div class=\"col-md-6 card-content-col\">\r\n                <div class=\"quote-box anim fadeInUp\">\r\n                    <h2>Propuls\u00e9s par notre mission, inspir\u00e9s par les gens<\/h2>\r\n\r\n                    <div class=\"quote-body\">\r\n                         <p class=\"p1\">Chez BeOne Medicines, notre mission nous tient \u00e0 c\u0153ur : proposer des m\u00e9dicaments innovants, inspir\u00e9s par nos coll\u00e8gues, nos patients et nos partenaires, et mis au point gr\u00e2ce \u00e0 leur aide pr\u00e9cieuse.<\/p>\n<p class=\"p1\">Notre nom symbolise l\u2019unit\u00e9 de notre \u00e9quipe \u2013 nous rassemblons les meilleurs penseurs de partout dans le monde autour d\u2019une m\u00eame mission\u00a0: red\u00e9finir les possibles dans les soins du cancer. Faire partie de BeOne, c\u2019est faire partie d\u2019un projet r\u00e9ellement transformateur.<\/p>\n                    <\/div>\r\n                <\/div>\r\n            <\/div>\r\n        <\/div>\r\n    <\/div>\r\n<\/section>\r\n<!-- Quote | section -->\n\n<!-- Normal Card Set Portrait Explicit -->\r\n<style>\r\n    .normal-card-set-portrait-explicit.card-portrait-explicit .card-set-box .card-image img {\r\n        object-fit: contain;\r\n    }\r\n<\/style>\r\n<section class=\"card-set card-portrait-explicit two_column  normal-card-set-portrait-explicit\">\r\n    <div class=\"container\">\r\n        <div class=\"sec-header\">\r\n            <div class=\"sec-head\">\r\n                                <h2 class=\"anim fadeInUp\">Jetez un coup d\u2019\u0153il \u00e0 la vie chez BeOne<\/h2>\r\n            <\/div>\r\n                        \r\n        <\/div>\r\n\r\n                    <div class=\"cardlist-inner-row row-gap-40 row-tm-60\">\r\n                                    <div class=\"card-set-box anim fadeInUp\">\r\n\r\n                        <div class=\"card-image\">\r\n                            <img decoding=\"async\" src=\"https:\/\/beonemedicines.ca\/fr\/wp-content\/uploads\/sites\/4\/2025\/04\/OurCulture_GetAnInsideLook_ACultureThatInspires_Desktop.webp\" alt=\"Colleagues engaged in a discussion, fostering growth and collaboration through BeOne Careers.\">\r\n                        <\/div>\r\n                        <div class=\"card-body\">\r\n                            <div class=\"card-b-title\">\r\n                                <h4>Une culture qui inspire l\u2019excellence<\/h4>\r\n                            <\/div>\r\n                                                             <div class=\"card-desc\"><p class=\"p1\">Le t\u00e9moignage d\u2019Olivia<\/p>\n<\/div>\r\n                                                    <\/div>\r\n                                                   <div class=\"card-button\">\r\n                                <a href=\"https:\/\/beonemedicines.com\/stories\/a-culture-that-inspires-excellence\/\" target=\"_blank\" class=\"btn-tertiary btn-crosslinks\">\r\n                                    <span>D\u00c9COUVRIR L\u2019HISTOIRE D\u2019OLIVIA<\/span>\r\n                                <\/a>\r\n                            <\/div>\r\n                                            <\/div>\r\n                                                        <div class=\"card-set-box anim fadeInUp\">\r\n\r\n                        <div class=\"card-image\">\r\n                            <img decoding=\"async\" src=\"https:\/\/beonemedicines.ca\/fr\/wp-content\/uploads\/sites\/4\/2025\/04\/OurCulture_GetAnInsideLook_PushingScienceForward_Desktop.webp\" alt=\"Smiling woman in glasses discussing professional growth through BeOne Careers.\">\r\n                        <\/div>\r\n                        <div class=\"card-body\">\r\n                            <div class=\"card-b-title\">\r\n                                <h4>Faire progresser la science pour les patients<\/h4>\r\n                            <\/div>\r\n                                                             <div class=\"card-desc\"><p class=\"p1\">Le t\u00e9moignage d\u2019Inca<\/p>\n<\/div>\r\n                                                    <\/div>\r\n                                                   <div class=\"card-button\">\r\n                                <a href=\"https:\/\/beonemedicines.com\/stories\/pushing-science-forward-for-patients\/\" target=\"_blank\" class=\"btn-tertiary btn-crosslinks\">\r\n                                    <span>D\u00c9COUVRIR L\u2019HISTOIRE D\u2019INCA<\/span>\r\n                                <\/a>\r\n                            <\/div>\r\n                                            <\/div>\r\n                                     \r\n            <\/div>\r\n                \r\n    <\/div>\r\n<\/section>\r\n<!-- Normal Card Set Portrait Explicit -->","protected":false},"excerpt":{"rendered":"","protected":false},"author":1,"featured_media":0,"parent":24022,"menu_order":0,"comment_status":"closed","ping_status":"closed","template":"","meta":{"_acf_changed":false,"footnotes":""},"class_list":["post-24024","page","type-page","status-publish","hentry"],"acf":[],"yoast_head":"<!-- This site is optimized with the Yoast SEO plugin v27.5 - https:\/\/yoast.com\/product\/yoast-seo-wordpress\/ -->\n<title>Notre culture - BeOne Medicines FR<\/title>\n<meta name=\"robots\" content=\"index, follow, max-snippet:-1, max-image-preview:large, max-video-preview:-1\" \/>\n<link rel=\"canonical\" href=\"https:\/\/beonemedicines.ca\/fr\/carrieres\/culture\/\" \/>\n<meta property=\"og:locale\" content=\"en_US\" \/>\n<meta property=\"og:type\" content=\"article\" \/>\n<meta property=\"og:title\" content=\"Notre culture - BeOne Medicines FR\" \/>\n<meta property=\"og:url\" content=\"https:\/\/beonemedicines.ca\/fr\/carrieres\/culture\/\" \/>\n<meta property=\"og:site_name\" content=\"BeOne Medicines FR\" \/>\n<meta property=\"article:modified_time\" content=\"2026-01-05T19:07:42+00:00\" \/>\n<meta name=\"twitter:card\" content=\"summary_large_image\" \/>\n<script type=\"application\/ld+json\" class=\"yoast-schema-graph\">{\"@context\":\"https:\\\/\\\/schema.org\",\"@graph\":[{\"@type\":\"WebPage\",\"@id\":\"https:\\\/\\\/beonemedicines.ca\\\/fr\\\/carrieres\\\/culture\\\/\",\"url\":\"https:\\\/\\\/beonemedicines.ca\\\/fr\\\/carrieres\\\/culture\\\/\",\"name\":\"Notre culture - BeOne Medicines FR\",\"isPartOf\":{\"@id\":\"https:\\\/\\\/beonemedicines.ca\\\/fr\\\/#website\"},\"datePublished\":\"2025-10-10T03:26:27+00:00\",\"dateModified\":\"2026-01-05T19:07:42+00:00\",\"breadcrumb\":{\"@id\":\"https:\\\/\\\/beonemedicines.ca\\\/fr\\\/carrieres\\\/culture\\\/#breadcrumb\"},\"inLanguage\":\"en-US\",\"potentialAction\":[{\"@type\":\"ReadAction\",\"target\":[\"https:\\\/\\\/beonemedicines.ca\\\/fr\\\/carrieres\\\/culture\\\/\"]}]},{\"@type\":\"BreadcrumbList\",\"@id\":\"https:\\\/\\\/beonemedicines.ca\\\/fr\\\/carrieres\\\/culture\\\/#breadcrumb\",\"itemListElement\":[{\"@type\":\"ListItem\",\"position\":1,\"name\":\"Home\",\"item\":\"https:\\\/\\\/beonemedicines.ca\\\/fr\\\/\"},{\"@type\":\"ListItem\",\"position\":2,\"name\":\"Carri\u00e8res\",\"item\":\"https:\\\/\\\/beonemedicines.ca\\\/fr\\\/carrieres\\\/\"},{\"@type\":\"ListItem\",\"position\":3,\"name\":\"Notre culture\"}]},{\"@type\":\"WebSite\",\"@id\":\"https:\\\/\\\/beonemedicines.ca\\\/fr\\\/#website\",\"url\":\"https:\\\/\\\/beonemedicines.ca\\\/fr\\\/\",\"name\":\"BeOne Medicines FR\",\"description\":\"\",\"potentialAction\":[{\"@type\":\"SearchAction\",\"target\":{\"@type\":\"EntryPoint\",\"urlTemplate\":\"https:\\\/\\\/beonemedicines.ca\\\/fr\\\/?s={search_term_string}\"},\"query-input\":{\"@type\":\"PropertyValueSpecification\",\"valueRequired\":true,\"valueName\":\"search_term_string\"}}],\"inLanguage\":\"en-US\"}]}<\/script>\n<!-- \/ Yoast SEO plugin. -->","yoast_head_json":{"title":"Notre culture - BeOne Medicines FR","robots":{"index":"index","follow":"follow","max-snippet":"max-snippet:-1","max-image-preview":"max-image-preview:large","max-video-preview":"max-video-preview:-1"},"canonical":"https:\/\/beonemedicines.ca\/fr\/carrieres\/culture\/","og_locale":"en_US","og_type":"article","og_title":"Notre culture - BeOne Medicines FR","og_url":"https:\/\/beonemedicines.ca\/fr\/carrieres\/culture\/","og_site_name":"BeOne Medicines FR","article_modified_time":"2026-01-05T19:07:42+00:00","twitter_card":"summary_large_image","schema":{"@context":"https:\/\/schema.org","@graph":[{"@type":"WebPage","@id":"https:\/\/beonemedicines.ca\/fr\/carrieres\/culture\/","url":"https:\/\/beonemedicines.ca\/fr\/carrieres\/culture\/","name":"Notre culture - BeOne Medicines FR","isPartOf":{"@id":"https:\/\/beonemedicines.ca\/fr\/#website"},"datePublished":"2025-10-10T03:26:27+00:00","dateModified":"2026-01-05T19:07:42+00:00","breadcrumb":{"@id":"https:\/\/beonemedicines.ca\/fr\/carrieres\/culture\/#breadcrumb"},"inLanguage":"en-US","potentialAction":[{"@type":"ReadAction","target":["https:\/\/beonemedicines.ca\/fr\/carrieres\/culture\/"]}]},{"@type":"BreadcrumbList","@id":"https:\/\/beonemedicines.ca\/fr\/carrieres\/culture\/#breadcrumb","itemListElement":[{"@type":"ListItem","position":1,"name":"Home","item":"https:\/\/beonemedicines.ca\/fr\/"},{"@type":"ListItem","position":2,"name":"Carri\u00e8res","item":"https:\/\/beonemedicines.ca\/fr\/carrieres\/"},{"@type":"ListItem","position":3,"name":"Notre culture"}]},{"@type":"WebSite","@id":"https:\/\/beonemedicines.ca\/fr\/#website","url":"https:\/\/beonemedicines.ca\/fr\/","name":"BeOne Medicines FR","description":"","potentialAction":[{"@type":"SearchAction","target":{"@type":"EntryPoint","urlTemplate":"https:\/\/beonemedicines.ca\/fr\/?s={search_term_string}"},"query-input":{"@type":"PropertyValueSpecification","valueRequired":true,"valueName":"search_term_string"}}],"inLanguage":"en-US"}]}},"_links":{"self":[{"href":"https:\/\/beonemedicines.ca\/fr\/wp-json\/wp\/v2\/pages\/24024","targetHints":{"allow":["GET"]}}],"collection":[{"href":"https:\/\/beonemedicines.ca\/fr\/wp-json\/wp\/v2\/pages"}],"about":[{"href":"https:\/\/beonemedicines.ca\/fr\/wp-json\/wp\/v2\/types\/page"}],"author":[{"embeddable":true,"href":"https:\/\/beonemedicines.ca\/fr\/wp-json\/wp\/v2\/users\/1"}],"replies":[{"embeddable":true,"href":"https:\/\/beonemedicines.ca\/fr\/wp-json\/wp\/v2\/comments?post=24024"}],"version-history":[{"count":3,"href":"https:\/\/beonemedicines.ca\/fr\/wp-json\/wp\/v2\/pages\/24024\/revisions"}],"predecessor-version":[{"id":24268,"href":"https:\/\/beonemedicines.ca\/fr\/wp-json\/wp\/v2\/pages\/24024\/revisions\/24268"}],"up":[{"embeddable":true,"href":"https:\/\/beonemedicines.ca\/fr\/wp-json\/wp\/v2\/pages\/24022"}],"wp:attachment":[{"href":"https:\/\/beonemedicines.ca\/fr\/wp-json\/wp\/v2\/media?parent=24024"}],"curies":[{"name":"wp","href":"https:\/\/api.w.org\/{rel}","templated":true}]}}