{"id":24022,"date":"2025-10-10T03:25:21","date_gmt":"2025-10-10T03:25:21","guid":{"rendered":"https:\/\/beonemedicines.ca\/fr\/?page_id=24022"},"modified":"2026-01-05T19:03:26","modified_gmt":"2026-01-05T19:03:26","slug":"carrieres","status":"publish","type":"page","link":"https:\/\/beonemedicines.ca\/fr\/carrieres\/","title":{"rendered":"Carri\u00e8res"},"content":{"rendered":"<!-- Hero | Interior with image -->\r\n<section class=\"hero-interior-sec card-image-right bg-tertiary-light overflow-x-clip \">\r\n    <div class=\"card-offset-watermark watermark-leftbotttom d-none d-md-block\">\r\n        <img decoding=\"async\" src=\"https:\/\/beonemedicines.ca\/fr\/wp-content\/themes\/beigene20\/assets\/img\/cutoutStar-icon.svg\" alt=\"Watermark\">\r\n    <\/div>\r\n    <div class=\"container offset-left container-offset\">\r\n        <div class=\"row\">\r\n            <div class=\"col-md-6 card-content-col\">\r\n                <div class=\"card-offset-watermark watermark-leftbotttom d-md-none\">\r\n                    <img decoding=\"async\" src=\"https:\/\/beonemedicines.ca\/fr\/wp-content\/themes\/beigene20\/assets\/img\/cutoutStar-icon.svg\" alt=\"Watermark\">\r\n                <\/div>\r\n                <div class=\"card-offset-box\">\r\n                    <div class=\"card-heading\">\r\n                                                <h6 class=\"eyebrow anim fadeInUp\">Carri\u00e8res chez BeOne<\/h6>                         \r\n                                                \r\n                        <h1 class=\"anim fadeInUp\">Esprits transformateurs recherch\u00e9s<\/h1>\r\n                    <\/div>\r\n                    <div class=\"card-bodycopy\">                        \r\n                                                                            <div class=\"anim fadeInUp\"><p>Nous recherchons des personnes audacieuses, innovantes et pers\u00e9v\u00e9rantes<br \/>\npour d\u00e9fier le statu\u00a0quo en acc\u00e9l\u00e9rant la mise au point de m\u00e9dicaments<br \/>\nr\u00e9volutionnaires et en les rendant accessibles \u00e0 un plus grand nombre de<br \/>\npersonnes dans le monde. Vous \u00eates pr\u00eat(e) \u00e0 revoir ce qu\u2019il est possible de faire<br \/>\npour traiter le cancer? Dans ce cas, nous voulons vous conna\u00eetre.<\/p>\n<\/div>\r\n                                                \r\n                    <\/div>\r\n\r\n                     \r\n                        <div class=\"card-buttons anim fadeInUp\">\r\n                                                    \r\n                                <a href=\"https:\/\/beigene.wd5.myworkdayjobs.com\/en-US\/BeiGene\" target=\"_blank\" class=\"btn-primary btn-exLinks \">\r\n                                    <span>TROUVER UNE CARRI\u00c8RE CHEZ BEONE<\/span>\r\n                                <\/a>\r\n                                                                            <\/div>\r\n                    \r\n                    \r\n                    \r\n                <\/div>\r\n            <\/div>\r\n\r\n            <div class=\"col-md-6 card-img-col\">\r\n                <div class=\"card-offset-img\">\r\n                    <img decoding=\"async\" src=\"https:\/\/beonemedicines.ca\/fr\/wp-content\/uploads\/sites\/4\/2025\/03\/Careers_Hero_Desktop.webp\" alt=\"Scientists in a lab, collaborating on experiments. Explore innovation with BeOne Careers.\">\r\n                <\/div>\r\n            <\/div>\r\n            \t\t\t\t\t\r\n        <\/div>\r\n    <\/div>\r\n<\/section>\r\n<!-- Hero | Interior with image -->\n\n<!-- Featured content -->\r\n \r\n<section class=\"featured-content-section  \">\r\n    <div class=\"container\">\r\n        <div class=\"row\">\r\n            <div class=\"col-12\">\r\n                <div class=\"sec-header\">\r\n                    <div class=\"sec-head\">\r\n                                                \r\n                        <h2 class=\"anim fadeInUp\">Nos valeurs<\/h2>\r\n                    <\/div>\r\n                                            <div class=\"sec-body anim fadeInUp\"><p class=\"p1\">Chez BeOne, anciennement BeiGene, nous sommes anim\u00e9s par la force du changement pour exercer un effet positif durable sur la vie des personnes atteintes de cancer. Alors que nous travaillons \u00e0 \u00e9tablir la premi\u00e8re soci\u00e9t\u00e9 en oncologie de nouvelle g\u00e9n\u00e9ration \u00e0 appliquer cette vision, nous nourrissons une culture ax\u00e9e sur ce qui est le plus important pour nous\u00a0:<\/p>\n<\/div>\r\n                                        \r\n                <\/div>\r\n            <\/div>\r\n        <\/div>\r\n        <div class=\"row row-gap-40 row-tm-60\">\r\n                                                <div class=\"col-md-4\">\r\n                        <div class=\"card-set-box\">\r\n                            <div class=\"card-header\">\r\n                                 \r\n                                <div class=\"card-b-title anim fadeInUp\">\r\n                                    <h4>Les gens<\/h4>\r\n                                <\/div>\t\t\t\t\t\t\t\t\r\n                            <\/div>\r\n                                                            <div class=\"card-body anim fadeInUp\">\r\n                                    <ul>\n<li class=\"li1\">Le patient d\u2019abord<\/li>\n<li class=\"li1\">L\u2019esprit de collaboration dans notre travail<\/li>\n<li class=\"li1\">L\u2019excellence comme objectif<\/li>\n<li class=\"li1\">L\u2019ing\u00e9niosit\u00e9 audacieuse comme mode de fonctionnement<\/li>\n<\/ul>\n                                <\/div>\r\n                                  \r\n                                                 \r\n                        <\/div>\r\n                    <\/div>\r\n                                                                <div class=\"col-md-4\">\r\n                        <div class=\"card-set-box\">\r\n                            <div class=\"card-header\">\r\n                                 \r\n                                <div class=\"card-b-title anim fadeInUp\">\r\n                                    <h4>Une science robuste<\/h4>\r\n                                <\/div>\t\t\t\t\t\t\t\t\r\n                            <\/div>\r\n                                                            <div class=\"card-body anim fadeInUp\">\r\n                                    <ul>\n<li class=\"li1\">Des innovations qui repoussent les limites<\/li>\n<li class=\"li1\">La logique et la rigueur dans chaque d\u00e9cision<\/li>\n<li class=\"li1\">Un esprit cr\u00e9atif et des solutions audacieuses<\/li>\n<li class=\"li1\">La capacit\u00e9 de s\u2019adapter et d\u2019\u00e9voluer<\/li>\n<\/ul>\n                                <\/div>\r\n                                  \r\n                                                 \r\n                        <\/div>\r\n                    <\/div>\r\n                                                                <div class=\"col-md-4\">\r\n                        <div class=\"card-set-box\">\r\n                            <div class=\"card-header\">\r\n                                 \r\n                                <div class=\"card-b-title anim fadeInUp\">\r\n                                    <h4>Un effet durable<\/h4>\r\n                                <\/div>\t\t\t\t\t\t\t\t\r\n                            <\/div>\r\n                                                            <div class=\"card-body anim fadeInUp\">\r\n                                    <ul>\n<li class=\"li1\">Une int\u00e9grit\u00e9 inalt\u00e9rable comme phare<\/li>\n<li class=\"li1\">L\u2019excellence comme objectif ultime<\/li>\n<li class=\"li1\">Un esprit mondial combin\u00e9 \u00e0 une expertise locale<\/li>\n<li class=\"li1\">Le patient au c\u0153ur de tout ce que nous faisons<\/li>\n<\/ul>\n                                <\/div>\r\n                                  \r\n                                                 \r\n                        <\/div>\r\n                    <\/div>\r\n                                    <\/div>\r\n    <\/div>\r\n<\/section>\r\n<!-- Featured content -->\n\n<!-- Video \/ Featured -->\r\n<section class=\"video-section video-large bg-tertiary-light \">\r\n    <div class=\"container\">\r\n        <div class=\"row\">\r\n            <div class=\"col-12\">\r\n                <div class=\"sec-header\">\r\n                    <div class=\"sec-head\">\r\n                           \r\n                        <h2 class=\"anim fadeInUp\">Ce qui nous inspire<\/h2>\r\n                    <\/div>\r\n                    <div class=\"sec-body\">\r\n                            \r\n                                                    <div class=\"anim fadeInUp\"><p>Le cancer nous affecte tous. Chaque diagnostic a des r\u00e9percussions sur notre famille, nos amis, nos coll\u00e8gues et nos communaut\u00e9s. Plusieurs employ\u00e9s de BeOne en ont v\u00e9cu les effets directs, et c\u2019est ce lien personnel qui est \u00e0 l\u2019origine de notre d\u00e9termination. C\u2019est pourquoi nous repoussons les limites pour mettre au point des m\u00e9dicaments novateurs de grande qualit\u00e9 et nous travaillons sans rel\u00e2che pour les rendre accessibles aux personnes atteintes de cancer partout dans le monde.<\/p>\n<\/div>\r\n                                                \r\n                    <\/div>\r\n\r\n                                        \r\n                <\/div>\r\n            <\/div>\r\n        <\/div>\r\n        <div class=\"row row-gap-40 row-tm-60\">\r\n            <div class=\"col-12\">\r\n                <div class=\"video-box anim fadeInUp\">\r\n                    <vimeo-embed>\r\n                        <img decoding=\"async\" loading=\"lazy\" src=\"https:\/\/beonemedicines.ca\/fr\/wp-content\/uploads\/sites\/4\/2025\/03\/Careers_WhatInspiresUs_Desktop.webp\" alt=\"Workers in blue uniforms and hairnets smiling in a factory. Join the team with BeOne Careers.\">\r\n                        <iframe allow=\"autoplay\" src=\"\" data-src=\"https:\/\/player.vimeo.com\/video\/1073316266?badge=0&amp;autopause=0&amp;player_id=0&amp;app_id=58479;title=0\" allowFullScreen><\/iframe>\r\n                        <!-- example\r\n                        <iframe allow=\"autoplay\" src=\"\" data-src=\"https:\/\/player.vimeo.com\/video\/1075659455?title=0&amp;byline=0&amp;portrait=0&amp;badge=0&amp;autopause=0&amp;player_id=0&amp;app_id=58479\" allowFullScreen><\/iframe> -->\r\n                        <button aria-label=\"Play video\"><\/button>\r\n                        <\/vimeo-embed>\r\n                <\/div>\r\n            <\/div>\r\n        <\/div>\r\n    <\/div>\r\n<\/section>\r\n<!-- Video \/ Featured -->\n\n\r\n<!-- Card Horizontal video | Video-left variant -->\r\n<section class=\"video-section video-card-horizontal video-card-right bt-mobile \">\r\n    <div class=\"container\">\t\t\t\t\r\n        <div class=\"row row-gap-40 align-center justify-between \">\r\n            <div class=\"col-md-6 col-lg-5\">\r\n                <div class=\"sec-header\">\r\n                    <div class=\"sec-head\">\r\n                                                <h2 class=\"anim fadeInUp\">Qui nous sommes<\/h2>\r\n                    <\/div>\r\n                    <div class=\"sec-body\">\r\n                                                                            <div class=\"anim fadeInUp\"><p>Au c\u0153ur de qui nous sommes et de notre travail se trouve notre philosophie : le patient d\u2019abord. Dans nos laboratoires ou sur le terrain, notre \u00e9quipe s\u2019engage chaque jour dans la lutte contre le cancer, en d\u00e9veloppant de nouveaux traitements et en veillant \u00e0 ce qu\u2019ils parviennent aux personnes qui en ont besoin. Regardez Maria, membre de notre \u00e9quipe, expliquer comment l\u2019effet sur la vie des patients est au c\u0153ur de chaque d\u00e9cision que nous prenons.<\/p>\n<\/div>\r\n                                               \r\n                    <\/div>\r\n                    \r\n                           \r\n\r\n\r\n                <\/div>\r\n            <\/div>\r\n            <div class=\"col-md-6 col-lg-7\">\r\n                <div class=\"video-box video-box-small anim fadeInUp\">\r\n                    <vimeo-embed>\r\n                        <img decoding=\"async\" loading=\"lazy\" src=\"https:\/\/beonemedicines.ca\/fr\/wp-content\/uploads\/sites\/4\/2025\/03\/Careers_WhoWeAre_Desktop.webp\" alt=\"Smiling woman in an office setting, sharing insights. Discover opportunities with BeOne Careers.\">\r\n                        <iframe allow=\"autoplay\" src=\"\" data-src=\"https:\/\/player.vimeo.com\/video\/1073314552?badge=0&amp;autopause=0&amp;player_id=0&amp;app_id=58479?autoplay=1&#038;badge=0\" allowFullScreen><\/iframe>\r\n                        <button aria-label=\"Play video\"><\/button>\r\n                        <\/vimeo-embed>\r\n                <\/div>\r\n            <\/div>\r\n        <\/div>\r\n    <\/div>\r\n<\/section>\r\n<!-- Card | Horizontal with video | Video-left variant-->\r\n\n\n<!-- Card | Horizontal Primary Image-left variant-->\r\n<style> .card-image-left .card-offset-img img { object-position: 50% middle; } <\/style>        <section class=\"card-horiz-primary card-image-left bg-white overflow-x-clip \">\r\n        <div class=\"container\">\r\n            <div class=\"row align-center justify-between \">\r\n                <div class=\"col-md-6 card-img-col \">\r\n                    <div class=\"card-offset-img anim fadeInUp\">\r\n                        <img decoding=\"async\" src=\"https:\/\/beonemedicines.ca\/fr\/wp-content\/uploads\/sites\/4\/2025\/03\/Careers_OurCulture_Desktop.webp\" alt=\"Professionals engaging in a lively discussion in an office. Network and grow with BeOne Careers.\">\r\n                    <\/div>\r\n                <\/div>\r\n                <div class=\"col-md-6 col-lg-5 card-content-col \">\r\n                    <div class=\"card-offset-box\">\r\n                        <div class=\"card-heading\">\r\n                                                        <h2 class=\"anim fadeInUp\">Notre culture<\/h2>                            \r\n                        <\/div>\r\n                                                <div class=\"card-bodycopy\">\r\n                                                                                        <div class=\"anim fadeInUp\">\r\n                                    <p>Chez BeOne, nous valorisons la collaboration et croyons au travail d\u2019\u00e9quipe novateur, sans hi\u00e9rarchie, dans lequel les diff\u00e9rences de chacun sont respect\u00e9es. D\u00e9couvrez qui nous sommes et notre culture unique.<\/p>\n                                <\/div>\r\n                                                    <\/div>\r\n                        \r\n                         \r\n                            <div class=\"card-buttons anim fadeInUp\">\r\n                                                            \r\n                                    <a href=\"\/fr\/carrieres\/culture\/\" target=\"_self\" class=\"btn-default btn-primary btn-crosslinks \">\r\n                                        <span>EN SAVOIR PLUS<\/span>\r\n                                    <\/a>\r\n                                                                                        <\/div>\r\n                         \r\n                        \r\n                    <\/div>\r\n                <\/div>\t\t\t\t\t\t\r\n            <\/div>\r\n        <\/div>\r\n    <\/section>\r\n    <!-- Card | Horizontal Primary Image-left variant-->\r\n\n\n<!-- Copy block -->\r\n<section class=\"nav-tertiary-sec copy-block  bg-white\" >\r\n    <div class=\"container\">\r\n        <div class=\"row\">\r\n            \r\n            <div class=\"col-md-8 col-lg-9\">\r\n                \r\n                <div class=\"main-container tab-container\">                    \r\n                                                <section class=\"section anim fadeInUp \">\r\n                            <!-- <section class=\"section anim fadeInUp \" > -->\r\n                                <div class=\"sec-header\">\r\n                                    <div class=\"sec-head\">\r\n                                                                                                                            <h2>Restez aux aguets des arnaques d\u2019embauche<\/h2>\r\n                                                                            <\/div>\r\n                                    <div class=\"sec-body\">\r\n                                                                                    \r\n                                            <div><p>Nous avons re\u00e7u de signalements d\u2019arnaques \u00e0 l\u2019embauche dans lesquelles des personnes se pr\u00e9sentent comme des repr\u00e9sentants des RH de BeOne et r\u00e9alisent de faux \u00ab entretiens d\u2019embauche \u00bb par courriel et par des r\u00e9ponses enregistr\u00e9es sur Flock. Ces \u00ab repr\u00e9sentants \u00bb finissent par demander un paiement comme condition \u00e0 l\u2019obtention d\u2019une offre d\u2019emploi. Sachez que BeOne et ses soci\u00e9t\u00e9s affili\u00e9es ne r\u00e9alisent aucun entretien de cette mani\u00e8re et ne demanderont jamais de paiement comme condition \u00e0 la candidature \u00e0 un poste ou \u00e0 l\u2019obtention d\u2019une offre d\u2019emploi. Ces fraudeurs peuvent aussi vous demander des renseignements personnels, y compris votre nom, votre adresse, votre date de naissance et votre num\u00e9ro d\u2019assurance sociale. Vous ne devriez pas transmettre ces renseignements. Si vous avez \u00e9t\u00e9 victime d\u2019une telle arnaque, veuillez le signaler\u00a0\u00e0 l\u2019organisme gouvernemental responsable de ces enjeux dans votre r\u00e9gion.<\/p>\n<p>Sachez que BeOne et ses soci\u00e9t\u00e9s affili\u00e9es <strong>ne communiquent que par des adresses courriel se terminant par @beonemed.com<\/strong>. Toute communication provenant d\u2019un autre nom de domaine est frauduleuse.<\/p>\n<p><!-- wp:acf\/card-horizontal-video {\"name\":\"acf\/card-horizontal-video\",\"data\":{\"field_67cfce8e02cae\":\"3314\",\"field_67cfcf6d397b7\":\"https:\/\/player.vimeo.com\/video\/1073314552?badge=0\\u0026amp;autopause=0\\u0026amp;player_id=0\\u0026amp;app_id=58479\",\"field_6809bcdabfbb1\":\"card-image-right\",\"field_67cfce8e02d35\":\"\",\"field_67cfd0eab3b7b\":\"video-card-right\",\"field_67cfce8e02d79\":\"\",\"field_67cfce8e02dbc\":\"Who We Are\",\"field_67cfce8e02e01\":\"\",\"field_67cfce8e02e45\":\"Integral to who we are and how we work is our ethos of putting patients first. Whether in the lab or on the front lines of care, our team shows up every day to fight cancer - advancing new treatments and working to ensure they reach those who need them. Watch our team member, Maria, describe how making an impact for patients guides every decision we make.\",\"field_67cfce8e02e8e\":\"\"},\"mode\":\"edit\"} \/--><\/p>\n<\/div>\r\n                                                                            <\/div>\r\n                                    \r\n                                                                             <!-- <style>\r\n                                            .after-buttons {\r\n                                                display: flex; gap: 30px;\r\n                                             }\r\n\r\n                                            .after-buttons a {\r\n                                                flex: ;\r\n                                            }\r\n                                         <\/style> -->\r\n                                                                             <style>\r\n                                            .after-buttons {\r\n                                                display: flex; gap: 30px; flex-wrap: wrap;\r\n                                            }\r\n\r\n                                            .after-buttons a {\r\n                                                flex: 0 1 auto;\r\n                                            }\r\n\r\n                                            .after-buttons.multiple > div {\r\n                                                flex: 0 1 calc(50% - 30px);\r\n                                            }\r\n                                        <\/style>\r\n                                     \r\n                                    \r\n                                    <div class=\"after-buttons \">\r\n                                                                            <\/div>\r\n                                <\/div>\t\r\n                            <\/section>\r\n                                    <\/div>\r\n                \r\n            <\/div>\r\n            <div class=\"col-md-4 col-lg-3\">\r\n                \r\n            <\/div> \r\n        <\/div>\r\n    <\/div>\r\n<\/section>\r\n<!-- Copy block -->\r\n","protected":false},"excerpt":{"rendered":"","protected":false},"author":1,"featured_media":0,"parent":0,"menu_order":0,"comment_status":"closed","ping_status":"closed","template":"","meta":{"_acf_changed":false,"footnotes":""},"class_list":["post-24022","page","type-page","status-publish","hentry"],"acf":[],"yoast_head":"<!-- This site is optimized with the Yoast SEO plugin v27.5 - https:\/\/yoast.com\/product\/yoast-seo-wordpress\/ -->\n<title>Carri\u00e8res - BeOne Medicines FR<\/title>\n<meta name=\"robots\" content=\"index, follow, max-snippet:-1, max-image-preview:large, max-video-preview:-1\" \/>\n<link rel=\"canonical\" href=\"https:\/\/beonemedicines.ca\/fr\/carrieres\/\" \/>\n<meta property=\"og:locale\" content=\"en_US\" \/>\n<meta property=\"og:type\" content=\"article\" \/>\n<meta property=\"og:title\" content=\"Carri\u00e8res - BeOne Medicines FR\" \/>\n<meta property=\"og:url\" content=\"https:\/\/beonemedicines.ca\/fr\/carrieres\/\" \/>\n<meta property=\"og:site_name\" content=\"BeOne Medicines FR\" \/>\n<meta property=\"article:modified_time\" content=\"2026-01-05T19:03:26+00:00\" \/>\n<meta name=\"twitter:card\" content=\"summary_large_image\" \/>\n<script type=\"application\/ld+json\" class=\"yoast-schema-graph\">{\"@context\":\"https:\\\/\\\/schema.org\",\"@graph\":[{\"@type\":\"WebPage\",\"@id\":\"https:\\\/\\\/beonemedicines.ca\\\/fr\\\/carrieres\\\/\",\"url\":\"https:\\\/\\\/beonemedicines.ca\\\/fr\\\/carrieres\\\/\",\"name\":\"Carri\u00e8res - BeOne Medicines FR\",\"isPartOf\":{\"@id\":\"https:\\\/\\\/beonemedicines.ca\\\/fr\\\/#website\"},\"datePublished\":\"2025-10-10T03:25:21+00:00\",\"dateModified\":\"2026-01-05T19:03:26+00:00\",\"breadcrumb\":{\"@id\":\"https:\\\/\\\/beonemedicines.ca\\\/fr\\\/carrieres\\\/#breadcrumb\"},\"inLanguage\":\"en-US\",\"potentialAction\":[{\"@type\":\"ReadAction\",\"target\":[\"https:\\\/\\\/beonemedicines.ca\\\/fr\\\/carrieres\\\/\"]}]},{\"@type\":\"BreadcrumbList\",\"@id\":\"https:\\\/\\\/beonemedicines.ca\\\/fr\\\/carrieres\\\/#breadcrumb\",\"itemListElement\":[{\"@type\":\"ListItem\",\"position\":1,\"name\":\"Home\",\"item\":\"https:\\\/\\\/beonemedicines.ca\\\/fr\\\/\"},{\"@type\":\"ListItem\",\"position\":2,\"name\":\"Carri\u00e8res\"}]},{\"@type\":\"WebSite\",\"@id\":\"https:\\\/\\\/beonemedicines.ca\\\/fr\\\/#website\",\"url\":\"https:\\\/\\\/beonemedicines.ca\\\/fr\\\/\",\"name\":\"BeOne Medicines FR\",\"description\":\"\",\"potentialAction\":[{\"@type\":\"SearchAction\",\"target\":{\"@type\":\"EntryPoint\",\"urlTemplate\":\"https:\\\/\\\/beonemedicines.ca\\\/fr\\\/?s={search_term_string}\"},\"query-input\":{\"@type\":\"PropertyValueSpecification\",\"valueRequired\":true,\"valueName\":\"search_term_string\"}}],\"inLanguage\":\"en-US\"}]}<\/script>\n<!-- \/ Yoast SEO plugin. -->","yoast_head_json":{"title":"Carri\u00e8res - BeOne Medicines FR","robots":{"index":"index","follow":"follow","max-snippet":"max-snippet:-1","max-image-preview":"max-image-preview:large","max-video-preview":"max-video-preview:-1"},"canonical":"https:\/\/beonemedicines.ca\/fr\/carrieres\/","og_locale":"en_US","og_type":"article","og_title":"Carri\u00e8res - BeOne Medicines FR","og_url":"https:\/\/beonemedicines.ca\/fr\/carrieres\/","og_site_name":"BeOne Medicines FR","article_modified_time":"2026-01-05T19:03:26+00:00","twitter_card":"summary_large_image","schema":{"@context":"https:\/\/schema.org","@graph":[{"@type":"WebPage","@id":"https:\/\/beonemedicines.ca\/fr\/carrieres\/","url":"https:\/\/beonemedicines.ca\/fr\/carrieres\/","name":"Carri\u00e8res - BeOne Medicines FR","isPartOf":{"@id":"https:\/\/beonemedicines.ca\/fr\/#website"},"datePublished":"2025-10-10T03:25:21+00:00","dateModified":"2026-01-05T19:03:26+00:00","breadcrumb":{"@id":"https:\/\/beonemedicines.ca\/fr\/carrieres\/#breadcrumb"},"inLanguage":"en-US","potentialAction":[{"@type":"ReadAction","target":["https:\/\/beonemedicines.ca\/fr\/carrieres\/"]}]},{"@type":"BreadcrumbList","@id":"https:\/\/beonemedicines.ca\/fr\/carrieres\/#breadcrumb","itemListElement":[{"@type":"ListItem","position":1,"name":"Home","item":"https:\/\/beonemedicines.ca\/fr\/"},{"@type":"ListItem","position":2,"name":"Carri\u00e8res"}]},{"@type":"WebSite","@id":"https:\/\/beonemedicines.ca\/fr\/#website","url":"https:\/\/beonemedicines.ca\/fr\/","name":"BeOne Medicines FR","description":"","potentialAction":[{"@type":"SearchAction","target":{"@type":"EntryPoint","urlTemplate":"https:\/\/beonemedicines.ca\/fr\/?s={search_term_string}"},"query-input":{"@type":"PropertyValueSpecification","valueRequired":true,"valueName":"search_term_string"}}],"inLanguage":"en-US"}]}},"_links":{"self":[{"href":"https:\/\/beonemedicines.ca\/fr\/wp-json\/wp\/v2\/pages\/24022","targetHints":{"allow":["GET"]}}],"collection":[{"href":"https:\/\/beonemedicines.ca\/fr\/wp-json\/wp\/v2\/pages"}],"about":[{"href":"https:\/\/beonemedicines.ca\/fr\/wp-json\/wp\/v2\/types\/page"}],"author":[{"embeddable":true,"href":"https:\/\/beonemedicines.ca\/fr\/wp-json\/wp\/v2\/users\/1"}],"replies":[{"embeddable":true,"href":"https:\/\/beonemedicines.ca\/fr\/wp-json\/wp\/v2\/comments?post=24022"}],"version-history":[{"count":4,"href":"https:\/\/beonemedicines.ca\/fr\/wp-json\/wp\/v2\/pages\/24022\/revisions"}],"predecessor-version":[{"id":24267,"href":"https:\/\/beonemedicines.ca\/fr\/wp-json\/wp\/v2\/pages\/24022\/revisions\/24267"}],"wp:attachment":[{"href":"https:\/\/beonemedicines.ca\/fr\/wp-json\/wp\/v2\/media?parent=24022"}],"curies":[{"name":"wp","href":"https:\/\/api.w.org\/{rel}","templated":true}]}}